{"id":4130,"date":"2025-08-01T10:31:51","date_gmt":"2025-08-01T02:31:51","guid":{"rendered":"https:\/\/afancyvapemachinery.com\/?post_type=product&#038;p=4130"},"modified":"2025-08-21T18:17:56","modified_gmt":"2025-08-21T10:17:56","slug":"pfm-06-auto-pre-roll-machine","status":"publish","type":"product","link":"https:\/\/afancyvapemachinery.com\/de\/product\/pfm-06-auto-pre-roll-machine\/","title":{"rendered":"PFM-06 Auto Live Resin Pre Roll Maschine"},"content":{"rendered":"<section class=\"section\" id=\"section_1688366745\">\n\t\t<div class=\"bg section-bg fill bg-fill  bg-loaded\" >\n\n\t\t\t\n\t\t\t\n\t\t\t\n\n\t\t<\/div>\n\n\t\t\n\n\t\t<div class=\"section-content relative\">\n\t\t\t\n<h3 style=\"text-align: center;\"><a href=\"https:\/\/youtu.be\/omu3Z2-hsLo?si=M19hK8wlfj4yTq14\">Sehen Sie, wie der PFM-06 die Produktion von Cannabis-Pre-Rolls in Sekundenschnelle automatisiert<\/a><\/h3>\n<div class=\"video video-fit mb\" style=\"padding-top:56.25%;\"><p><iframe loading=\"lazy\" title=\"PFM-06 Automatische Live-Harz-Vorrollen-F\u00fcllmaschine\" width=\"1020\" height=\"574\" src=\"https:\/\/www.youtube.com\/embed\/omu3Z2-hsLo?feature=oembed\" frameborder=\"0\" allow=\"accelerometer; autoplay; clipboard-write; encrypted-media; gyroscope; picture-in-picture; web-share\" referrerpolicy=\"strict-origin-when-cross-origin\" allowfullscreen><\/iframe><\/p>\n<\/div>\n<div class=\"row align-middle\"  id=\"row-1502342496\">\n\n\t<div id=\"col-1171650842\" class=\"col small-12 large-12\"  >\n\t\t\t\t<div class=\"col-inner\"  >\n\t\t\t\n\t\t\t\n<h2><span style=\"font-size: 95%;\">PFM-06 Automatische Live Resin Pre Roll Maschine | Hochgeschwindigkeits-Pr\u00e4zisionsf\u00fcllung<\/span><\/h2>\n\t\t<\/div>\n\t\t\t\t\t<\/div>\n\n\t\n<\/div>\n\t<div class=\"img has-hover x md-x lg-x y md-y lg-y\" id=\"image_1980113362\">\n\t\t\t\t\t\t\t\t<div class=\"img-inner image-cover dark\" style=\"padding-top:47%;\">\n\t\t\t<img loading=\"lazy\" decoding=\"async\" width=\"800\" height=\"600\" src=\"https:\/\/afancyvapemachinery.com\/wp-content\/uploads\/2025\/05\/cbd-oil-cart-1-820.webp\" class=\"attachment-large size-large\" alt=\"CBD-\u00d6lwagen (1\" srcset=\"https:\/\/afancyvapemachinery.com\/wp-content\/uploads\/2025\/05\/cbd-oil-cart-1-820.webp 800w, https:\/\/afancyvapemachinery.com\/wp-content\/uploads\/2025\/05\/cbd-oil-cart-1-820-300x225.webp 300w, https:\/\/afancyvapemachinery.com\/wp-content\/uploads\/2025\/05\/cbd-oil-cart-1-820-768x576.webp 768w, https:\/\/afancyvapemachinery.com\/wp-content\/uploads\/2025\/05\/cbd-oil-cart-1-820-16x12.webp 16w\" sizes=\"auto, (max-width: 800px) 100vw, 800px\" \/>\t\t\t\t\t\t\t<div class=\"overlay\" style=\"background-color: rgba(2, 2, 2, 0.047)\"><\/div>\n\t\t\t\t\t\t\n\t\t\t\t\t<\/div>\n\t\t\t\t\t\t\t\t\n<style>\n#image_1980113362 {\n  width: 70%;\n}\n<\/style>\n\t<\/div>\n\t\n<div class=\"row\"  id=\"row-1462463563\">\n\n\t<div id=\"col-1684726008\" class=\"col small-12 large-12\"  >\n\t\t\t\t<div class=\"col-inner\"  >\n\t\t\t\n\t\t\t\n\t<div id=\"gap-71397601\" class=\"gap-element clearfix\" style=\"display:block; height:auto;\">\n\t\t\n<style>\n#gap-71397601 {\n  padding-top: 22px;\n}\n<\/style>\n\t<\/div>\n\t\n\t\t<\/div>\n\t\t\t\t\t<\/div>\n\n\t\n\n\t<div id=\"col-1185715146\" class=\"col small-12 large-12\"  >\n\t\t\t\t<div class=\"col-inner\"  >\n\t\t\t\n\t\t\t\n<h2>Detaillierte Parameter der zum Verkauf stehenden Pre-Roll-Maschine PFM-06<\/h2>\n\t\t<\/div>\n\t\t\t\t\t<\/div>\n\n\t\n\n\t<div id=\"col-1067335305\" class=\"col small-12 large-12\"  >\n\t\t\t\t<div class=\"col-inner\"  >\n\t\t\t\n\t\t\t\n<table style=\"height: 482px;\" width=\"533\">\n<tbody>\n<tr>\n<td>Dosierbarer Volumenbereich<\/td>\n<td>0,1 ml \u2013 1,5 ml<\/td>\n<\/tr>\n<\/tbody>\n<tbody>\n<tr>\n<td>\u00d6ltankkapazit\u00e4t<\/td>\n<td>1300 ml<\/td>\n<\/tr>\n<tr>\n<td>Dosiergenauigkeit<\/td>\n<td>\u00b11%<\/td>\n<\/tr>\n<tr>\n<td>Ausgabe<\/td>\n<td>2000-3000 St\u00fcck pro Stunde<\/td>\n<\/tr>\n<tr>\n<td>Stromversorgung<\/td>\n<td>\u00a0Wechselstrom 100 V\u2013120 V, Wechselstrom 200 V\u2013240 V<\/td>\n<\/tr>\n<tr>\n<td>Panel-Bildschirm<\/td>\n<td>7 Zoll<\/td>\n<\/tr>\n<tr>\n<td>Panel-Steuerung<\/td>\n<td>Touchscreen, Bedienknopf, Smart Filling System<\/td>\n<\/tr>\n<tr>\n<td>Ausstattungsmerkmale<\/td>\n<td>Verbesserte Version der CBD-\u00d6l-Vape-Abf\u00fcllmaschine.<\/td>\n<\/tr>\n<\/tbody>\n<\/table>\n<h3><strong>Geeignet f\u00fcr Cannabis-Pre-Rolls, Live Resin, CBD-\u00d6l, THC-\u00d6l und Kr\u00e4uterkegel.<\/strong><\/h3>\n\t\t<\/div>\n\t\t\t\t\t<\/div>\n\n\t\n<\/div>\n<div class=\"row align-middle\"  id=\"row-896749583\">\n\n\t<div id=\"col-1460982360\" class=\"col small-12 large-12\"  >\n\t\t\t\t<div class=\"col-inner\"  >\n\t\t\t\n\t\t\t\n\t<div id=\"gap-1851228979\" class=\"gap-element clearfix\" style=\"display:block; height:auto;\">\n\t\t\n<style>\n#gap-1851228979 {\n  padding-top: 22px;\n}\n<\/style>\n\t<\/div>\n\t\n\t\t<\/div>\n\t\t\t\t\t<\/div>\n\n\t\n\n\t<div id=\"col-566321904\" class=\"col medium-6 small-12 large-6\"  >\n\t\t\t\t<div class=\"col-inner\"  >\n\t\t\t\n\t\t\t\n\t<div class=\"img has-hover x md-x lg-x y md-y lg-y\" id=\"image_1010311110\">\n\t\t\t\t\t\t\t\t<div class=\"img-inner image-cover dark\" style=\"padding-top:75%;\">\n\t\t\t<img loading=\"lazy\" decoding=\"async\" width=\"300\" height=\"300\" src=\"https:\/\/afancyvapemachinery.com\/wp-content\/uploads\/2025\/08\/automated-pre-roll-machine-6852-300x300.webp\" class=\"attachment-medium size-medium\" alt=\"Automatisierte Pre-Roll-Maschine\" srcset=\"https:\/\/afancyvapemachinery.com\/wp-content\/uploads\/2025\/08\/automated-pre-roll-machine-6852-300x300.webp 300w, https:\/\/afancyvapemachinery.com\/wp-content\/uploads\/2025\/08\/automated-pre-roll-machine-6852-80x80.webp 80w, https:\/\/afancyvapemachinery.com\/wp-content\/uploads\/2025\/08\/automated-pre-roll-machine-6852-768x768.webp 768w, https:\/\/afancyvapemachinery.com\/wp-content\/uploads\/2025\/08\/automated-pre-roll-machine-6852-12x12.webp 12w, https:\/\/afancyvapemachinery.com\/wp-content\/uploads\/2025\/08\/automated-pre-roll-machine-6852-500x500.webp 500w, https:\/\/afancyvapemachinery.com\/wp-content\/uploads\/2025\/08\/automated-pre-roll-machine-6852-100x100.webp 100w, https:\/\/afancyvapemachinery.com\/wp-content\/uploads\/2025\/08\/automated-pre-roll-machine-6852.webp 800w\" sizes=\"auto, (max-width: 300px) 100vw, 300px\" \/>\t\t\t\t\t\t\t<div class=\"overlay\" style=\"background-color: rgba(4, 4, 4, 0.041)\"><\/div>\n\t\t\t\t\t\t\n\t\t\t\t\t<\/div>\n\t\t\t\t\t\t\t\t\n<style>\n#image_1010311110 {\n  width: 100%;\n}\n<\/style>\n\t<\/div>\n\t\n\t\t<\/div>\n\t\t\t\t\t<\/div>\n\n\t\n\n\t<div id=\"col-1235911479\" class=\"col medium-6 small-12 large-6\"  >\n\t\t\t\t<div class=\"col-inner\"  >\n\t\t\t\n\t\t\t\n<h3>PFM-06 automatisiertes Pre-Roll-Maschinenmaterial\u00a0<\/h3>\n\t<div id=\"gap-549577582\" class=\"gap-element clearfix\" style=\"display:block; height:auto;\">\n\t\t\n<style>\n#gap-549577582 {\n  padding-top: 15px;\n}\n<\/style>\n\t<\/div>\n\t\n<ul>\n<li data-start=\"1284\" data-end=\"1333\">\n<p data-start=\"1286\" data-end=\"1333\"><span style=\"font-size: 110%;\">Hochwertige Aluminiumlegierung und Edelstahl<\/span><\/p>\n<\/li>\n<li data-start=\"1336\" data-end=\"1373\">\n<p data-start=\"1338\" data-end=\"1373\"><span style=\"font-size: 110%;\">Gew\u00e4hrleistet Haltbarkeit und \u00d6lsicherheit<\/span><\/p>\n<\/li>\n<li data-start=\"1376\" data-end=\"1396\">\n<p data-start=\"1378\" data-end=\"1396\"><span style=\"font-size: 110%;\">Einfache Wartung<\/span><\/p>\n<\/li>\n<\/ul>\n\t\t<\/div>\n\t\t\t\t\t<\/div>\n\n\t\n<\/div>\n<div class=\"row align-middle\"  id=\"row-1583313775\">\n\n\t<div id=\"col-1457100167\" class=\"col medium-6 small-12 large-6\"  >\n\t\t\t\t<div class=\"col-inner text-left\"  >\n\t\t\t\n\t\t\t\n<h3><span class=\"Y2IQFc\" lang=\"en\">PFM-06 automatische Vorrollmaschine<\/span><\/h3>\n<ul>\n<li>F\u00fcr gro\u00dfe Hersteller von Pre-Roll-T\u00fcten zur Steigerung der Effizienz und Kostensenkung<\/li>\n<li>Benutzerfreundliche Schnittstelle f\u00fcr einfache Parametereinstellung.<\/li>\n<\/ul>\n\t<div id=\"gap-121058661\" class=\"gap-element clearfix\" style=\"display:block; height:auto;\">\n\t\t\n<style>\n#gap-121058661 {\n  padding-top: 15px;\n}\n<\/style>\n\t<\/div>\n\t\n\t\t<\/div>\n\t\t\t\t\t<\/div>\n\n\t\n\n\t<div id=\"col-632127185\" class=\"col medium-6 small-12 large-6\"  >\n\t\t\t\t<div class=\"col-inner\"  >\n\t\t\t\n\t\t\t\n\t<div class=\"img has-hover x md-x lg-x y md-y lg-y\" id=\"image_1993455823\">\n\t\t\t\t\t\t\t\t<div class=\"img-inner image-cover dark\" style=\"padding-top:75%;\">\n\t\t\t<img loading=\"lazy\" decoding=\"async\" width=\"800\" height=\"800\" src=\"https:\/\/afancyvapemachinery.com\/wp-content\/uploads\/2025\/08\/best-pre-roll-machine-7931.webp\" class=\"attachment-large size-large\" alt=\"Beste Pre-Roll-Maschine\" srcset=\"https:\/\/afancyvapemachinery.com\/wp-content\/uploads\/2025\/08\/best-pre-roll-machine-7931.webp 800w, https:\/\/afancyvapemachinery.com\/wp-content\/uploads\/2025\/08\/best-pre-roll-machine-7931-300x300.webp 300w, https:\/\/afancyvapemachinery.com\/wp-content\/uploads\/2025\/08\/best-pre-roll-machine-7931-80x80.webp 80w, https:\/\/afancyvapemachinery.com\/wp-content\/uploads\/2025\/08\/best-pre-roll-machine-7931-768x768.webp 768w, https:\/\/afancyvapemachinery.com\/wp-content\/uploads\/2025\/08\/best-pre-roll-machine-7931-12x12.webp 12w, https:\/\/afancyvapemachinery.com\/wp-content\/uploads\/2025\/08\/best-pre-roll-machine-7931-500x500.webp 500w, https:\/\/afancyvapemachinery.com\/wp-content\/uploads\/2025\/08\/best-pre-roll-machine-7931-100x100.webp 100w\" sizes=\"auto, (max-width: 800px) 100vw, 800px\" \/>\t\t\t\t\t\t\n\t\t\t\t\t<\/div>\n\t\t\t\t\t\t\t\t\n<style>\n#image_1993455823 {\n  width: 100%;\n}\n<\/style>\n\t<\/div>\n\t\n\t\t<\/div>\n\t\t\t\t\t<\/div>\n\n\t\n<\/div>\n\t\t<\/div>\n\n\t\t\n<style>\n#section_1688366745 {\n  padding-top: 0px;\n  padding-bottom: 0px;\n}\n#section_1688366745 .ux-shape-divider--top svg {\n  height: 150px;\n  --divider-top-width: 100%;\n}\n#section_1688366745 .ux-shape-divider--bottom svg {\n  height: 150px;\n  --divider-width: 100%;\n}\n<\/style>\n\t<\/section>\n\t\n\t<section class=\"section\" id=\"section_1085285036\">\n\t\t<div class=\"bg section-bg fill bg-fill  bg-loaded\" >\n\n\t\t\t\n\t\t\t\n\t\t\t\n\n\t\t<\/div>\n\n\t\t\n\n\t\t<div class=\"section-content relative\">\n\t\t\t\n<div class=\"row\"  id=\"row-1558798767\">\n\n\t<div id=\"col-736102429\" class=\"col small-12 large-12\"  >\n\t\t\t\t<div class=\"col-inner text-left\"  >\n\t\t\t\n\t\t\t\n\t<div class=\"img has-hover x md-x lg-x y md-y lg-y\" id=\"image_517900840\">\n\t\t\t\t\t\t\t\t<div class=\"img-inner image-cover dark\" style=\"padding-top:100%;\">\n\t\t\t<img loading=\"lazy\" decoding=\"async\" width=\"800\" height=\"800\" src=\"https:\/\/afancyvapemachinery.com\/wp-content\/uploads\/2025\/08\/infused-pre-roll-machine-1134.webp\" class=\"attachment-large size-large\" alt=\"Infused Pre Roll Maschine\" srcset=\"https:\/\/afancyvapemachinery.com\/wp-content\/uploads\/2025\/08\/infused-pre-roll-machine-1134.webp 800w, https:\/\/afancyvapemachinery.com\/wp-content\/uploads\/2025\/08\/infused-pre-roll-machine-1134-300x300.webp 300w, https:\/\/afancyvapemachinery.com\/wp-content\/uploads\/2025\/08\/infused-pre-roll-machine-1134-80x80.webp 80w, https:\/\/afancyvapemachinery.com\/wp-content\/uploads\/2025\/08\/infused-pre-roll-machine-1134-768x768.webp 768w, https:\/\/afancyvapemachinery.com\/wp-content\/uploads\/2025\/08\/infused-pre-roll-machine-1134-12x12.webp 12w, https:\/\/afancyvapemachinery.com\/wp-content\/uploads\/2025\/08\/infused-pre-roll-machine-1134-500x500.webp 500w, https:\/\/afancyvapemachinery.com\/wp-content\/uploads\/2025\/08\/infused-pre-roll-machine-1134-100x100.webp 100w\" sizes=\"auto, (max-width: 800px) 100vw, 800px\" \/>\t\t\t\t\t\t\t<div class=\"overlay\" style=\"background-color: rgba(2, 2, 2, 0.047)\"><\/div>\n\t\t\t\t\t\t\n\t\t\t\t\t<\/div>\n\t\t\t\t\t\t\t\t\n<style>\n#image_517900840 {\n  width: 70%;\n}\n<\/style>\n\t<\/div>\n\t\n\t<div class=\"img has-hover x md-x lg-x y md-y lg-y\" id=\"image_208292610\">\n\t\t\t\t\t\t\t\t<div class=\"img-inner image-cover dark\" style=\"padding-top:100%;\">\n\t\t\t<img loading=\"lazy\" decoding=\"async\" width=\"800\" height=\"800\" src=\"https:\/\/afancyvapemachinery.com\/wp-content\/uploads\/2025\/08\/futurola-pre-roll-machine-10014.webp\" class=\"attachment-large size-large\" alt=\"Futurola Pre Roll Maschine\" srcset=\"https:\/\/afancyvapemachinery.com\/wp-content\/uploads\/2025\/08\/futurola-pre-roll-machine-10014.webp 800w, https:\/\/afancyvapemachinery.com\/wp-content\/uploads\/2025\/08\/futurola-pre-roll-machine-10014-300x300.webp 300w, https:\/\/afancyvapemachinery.com\/wp-content\/uploads\/2025\/08\/futurola-pre-roll-machine-10014-80x80.webp 80w, https:\/\/afancyvapemachinery.com\/wp-content\/uploads\/2025\/08\/futurola-pre-roll-machine-10014-768x768.webp 768w, https:\/\/afancyvapemachinery.com\/wp-content\/uploads\/2025\/08\/futurola-pre-roll-machine-10014-12x12.webp 12w, https:\/\/afancyvapemachinery.com\/wp-content\/uploads\/2025\/08\/futurola-pre-roll-machine-10014-500x500.webp 500w, https:\/\/afancyvapemachinery.com\/wp-content\/uploads\/2025\/08\/futurola-pre-roll-machine-10014-100x100.webp 100w\" sizes=\"auto, (max-width: 800px) 100vw, 800px\" \/>\t\t\t\t\t\t\t<div class=\"overlay\" style=\"background-color: rgba(2, 2, 2, 0.047)\"><\/div>\n\t\t\t\t\t\t\n\t\t\t\t\t<\/div>\n\t\t\t\t\t\t\t\t\n<style>\n#image_208292610 {\n  width: 70%;\n}\n<\/style>\n\t<\/div>\n\t\n\t\t<\/div>\n\t\t\t\t\t<\/div>\n\n\t\n<\/div>\n\t\t<\/div>\n\n\t\t\n<style>\n#section_1085285036 {\n  padding-top: 30px;\n  padding-bottom: 30px;\n}\n#section_1085285036 .ux-shape-divider--top svg {\n  height: 150px;\n  --divider-top-width: 100%;\n}\n#section_1085285036 .ux-shape-divider--bottom svg {\n  height: 150px;\n  --divider-width: 100%;\n}\n<\/style>\n\t<\/section>\n\t\n<h2>Was ist die beste Pre-Roll-Maschine?<\/h2>\n<p>Wenn Sie die elektrische Vorrollmaschine PFM-06 sehen, werden Sie alles verstehen. Es ist eine Vorrollmaschine. Nach dem Vorrollen werden CBD und THC sowie Live-Harz\u00f6l eingearbeitet.<\/p>\n<p>PFM-06 unterscheidet sich also von der King Kone Pre-Roll-Maschine und der Apehex Pre-Roll-Maschine, der Vibrations-Pre-Roll-Maschine usw.<\/p>","protected":false},"excerpt":{"rendered":"<h3>Hochgeschwindigkeits-Pr\u00e4zisionsf\u00fcllmaschine f\u00fcr Live Resin und CBD-Pre-Rolls<\/h3>\n<p>Automatisierungsstufe: auto<br \/>\nDosierungsf\u00fcllbereich: 0,1 ml \u2013 1,5 ml<br \/>\n\u00d6ltankinhalt: 1300 ml<span data-mce-type=\"bookmark\" style=\"display: inline-block; width: 0px; overflow: hidden; line-height: 0;\" class=\"mce_SELRES_start\"><\/span><br \/>\nDosiergenauigkeit: 1%<br \/>\nArbeitseffizienz: 2000-3000 St\u00fcck pro Stunde<br \/>\nStromversorgung: AC100V-120V;AC200V-240V<\/p>\n<p><strong><span style=\"color: #3366ff;\">Hauptmerkmal:<\/span><\/strong><br \/>\n<strong>\u26a1 2000 St\u00fcck\/Stunde Hochgeschwindigkeitsausgabe<br \/>\n\ud83c\udfaf \u00b11% F\u00fcllgenauigkeit<br \/>\n\ud83c\udf31 Live Resin-kompatibel<br \/>\n\ud83d\udd27 Intelligente Touchscreen-Steuerung<\/strong><\/p>","protected":false},"featured_media":4132,"comment_status":"closed","ping_status":"closed","template":"","meta":[],"product_cat":[62,59,15],"product_tag":[],"class_list":["post-4130","product","type-product","status-publish","has-post-thumbnail","hentry","product_cat-live-rosin-concentrate-dispenser","product_cat-disposable-vape-filling-machine","product_cat-pre-rolled-cone-filling-machines"],"yoast_head":"<!-- This site is optimized with the Yoast SEO plugin v27.1.1 - https:\/\/yoast.com\/product\/yoast-seo-wordpress\/ -->\n<title>PFM-06 Auto Live Resin Pre Roll Machine | High - Speed &amp; Precise<\/title>\n<meta name=\"description\" content=\"PFM-06 Auto Live Resin Pre Roll Machine: High - speed and large scale for filling CBD, THC, Live Rosin Oil. Easy to Operate.Ideal for Cannabis Producers.\" \/>\n<meta name=\"robots\" content=\"index, follow, max-snippet:-1, max-image-preview:large, max-video-preview:-1\" \/>\n<link rel=\"canonical\" href=\"https:\/\/afancyvapemachinery.com\/de\/product\/pfm-06-auto-pre-roll-machine\/\" \/>\n<meta property=\"og:locale\" content=\"de_DE\" \/>\n<meta property=\"og:type\" content=\"article\" \/>\n<meta property=\"og:title\" content=\"PFM-06 Auto Live Resin Pre Roll Machine | High - Speed &amp; Precise\" \/>\n<meta property=\"og:description\" content=\"PFM-06 Auto Live Resin Pre Roll Machine: High - speed and large scale for filling CBD, THC, Live Rosin Oil. Easy to Operate.Ideal for Cannabis Producers.\" \/>\n<meta property=\"og:url\" content=\"https:\/\/afancyvapemachinery.com\/de\/product\/pfm-06-auto-pre-roll-machine\/\" \/>\n<meta property=\"og:site_name\" content=\"AFANCY\" \/>\n<meta property=\"article:modified_time\" content=\"2025-08-21T10:17:56+00:00\" \/>\n<meta property=\"og:image\" content=\"http:\/\/afancyvapemachinery.com\/wp-content\/uploads\/2025\/08\/auto-pre-roll-machine-2-2456.webp\" \/>\n\t<meta property=\"og:image:width\" content=\"800\" \/>\n\t<meta property=\"og:image:height\" content=\"800\" \/>\n\t<meta property=\"og:image:type\" content=\"image\/webp\" \/>\n<meta name=\"twitter:card\" content=\"summary_large_image\" \/>\n<meta name=\"twitter:label1\" content=\"Est. reading time\" \/>\n\t<meta name=\"twitter:data1\" content=\"2 minutes\" \/>\n<script type=\"application\/ld+json\" class=\"yoast-schema-graph\">{\"@context\":\"https:\/\/schema.org\",\"@graph\":[{\"@type\":\"WebPage\",\"@id\":\"https:\/\/afancyvapemachinery.com\/product\/pfm-06-auto-pre-roll-machine\/\",\"url\":\"https:\/\/afancyvapemachinery.com\/product\/pfm-06-auto-pre-roll-machine\/\",\"name\":\"PFM-06 Auto Live Resin Pre Roll Machine | High - Speed & Precise\",\"isPartOf\":{\"@id\":\"https:\/\/afancyvapemachinery.com\/fr\/#website\"},\"primaryImageOfPage\":{\"@id\":\"https:\/\/afancyvapemachinery.com\/product\/pfm-06-auto-pre-roll-machine\/#primaryimage\"},\"image\":{\"@id\":\"https:\/\/afancyvapemachinery.com\/product\/pfm-06-auto-pre-roll-machine\/#primaryimage\"},\"thumbnailUrl\":\"https:\/\/afancyvapemachinery.com\/wp-content\/uploads\/2025\/08\/auto-pre-roll-machine-2-2456.webp\",\"datePublished\":\"2025-08-01T02:31:51+00:00\",\"dateModified\":\"2025-08-21T10:17:56+00:00\",\"description\":\"PFM-06 Auto Live Resin Pre Roll Machine: High - speed and large scale for filling CBD, THC, Live Rosin Oil. Easy to Operate.Ideal for Cannabis Producers.\",\"breadcrumb\":{\"@id\":\"https:\/\/afancyvapemachinery.com\/product\/pfm-06-auto-pre-roll-machine\/#breadcrumb\"},\"inLanguage\":\"de-DE\",\"potentialAction\":[{\"@type\":\"ReadAction\",\"target\":[\"https:\/\/afancyvapemachinery.com\/product\/pfm-06-auto-pre-roll-machine\/\"]}]},{\"@type\":\"ImageObject\",\"inLanguage\":\"de-DE\",\"@id\":\"https:\/\/afancyvapemachinery.com\/product\/pfm-06-auto-pre-roll-machine\/#primaryimage\",\"url\":\"https:\/\/afancyvapemachinery.com\/wp-content\/uploads\/2025\/08\/auto-pre-roll-machine-2-2456.webp\",\"contentUrl\":\"https:\/\/afancyvapemachinery.com\/wp-content\/uploads\/2025\/08\/auto-pre-roll-machine-2-2456.webp\",\"width\":800,\"height\":800,\"caption\":\"Auto Pre Roll Machine (2)\"},{\"@type\":\"BreadcrumbList\",\"@id\":\"https:\/\/afancyvapemachinery.com\/product\/pfm-06-auto-pre-roll-machine\/#breadcrumb\",\"itemListElement\":[{\"@type\":\"ListItem\",\"position\":1,\"name\":\"Home\",\"item\":\"https:\/\/afancyvapemachinery.com\/\"},{\"@type\":\"ListItem\",\"position\":2,\"name\":\"products\",\"item\":\"https:\/\/afancyvapemachinery.com\/automatic-vape-cartridge-filling-machine\/\"},{\"@type\":\"ListItem\",\"position\":3,\"name\":\"PFM-06 Auto Live Resin Pre Roll Machine\"}]},{\"@type\":\"WebSite\",\"@id\":\"https:\/\/afancyvapemachinery.com\/fr\/#website\",\"url\":\"https:\/\/afancyvapemachinery.com\/fr\/\",\"name\":\"AFANCY\",\"description\":\"\",\"potentialAction\":[{\"@type\":\"SearchAction\",\"target\":{\"@type\":\"EntryPoint\",\"urlTemplate\":\"https:\/\/afancyvapemachinery.com\/fr\/?s={search_term_string}\"},\"query-input\":{\"@type\":\"PropertyValueSpecification\",\"valueRequired\":true,\"valueName\":\"search_term_string\"}}],\"inLanguage\":\"de-DE\"}]}<\/script>\n<!-- \/ Yoast SEO plugin. -->","yoast_head_json":{"title":"PFM-06 Auto Live Resin Pre Roll Maschine | Hochgeschwindigkeit &amp; Pr\u00e4zise","description":"PFM-06 Auto Live Resin Pre Roll Machine: Hochgeschwindigkeit und gro\u00dfer Ma\u00dfstab zum Abf\u00fcllen von CBD, THC und Live Rosin Oil. Einfach zu bedienen. Ideal f\u00fcr Cannabisproduzenten.","robots":{"index":"index","follow":"follow","max-snippet":"max-snippet:-1","max-image-preview":"max-image-preview:large","max-video-preview":"max-video-preview:-1"},"canonical":"https:\/\/afancyvapemachinery.com\/de\/product\/pfm-06-auto-pre-roll-machine\/","og_locale":"de_DE","og_type":"article","og_title":"PFM-06 Auto Live Resin Pre Roll Machine | High - Speed & Precise","og_description":"PFM-06 Auto Live Resin Pre Roll Machine: High - speed and large scale for filling CBD, THC, Live Rosin Oil. Easy to Operate.Ideal for Cannabis Producers.","og_url":"https:\/\/afancyvapemachinery.com\/de\/product\/pfm-06-auto-pre-roll-machine\/","og_site_name":"AFANCY","article_modified_time":"2025-08-21T10:17:56+00:00","og_image":[{"width":800,"height":800,"url":"http:\/\/afancyvapemachinery.com\/wp-content\/uploads\/2025\/08\/auto-pre-roll-machine-2-2456.webp","type":"image\/webp"}],"twitter_card":"summary_large_image","twitter_misc":{"Est. reading time":"2 minutes"},"schema":{"@context":"https:\/\/schema.org","@graph":[{"@type":"WebPage","@id":"https:\/\/afancyvapemachinery.com\/product\/pfm-06-auto-pre-roll-machine\/","url":"https:\/\/afancyvapemachinery.com\/product\/pfm-06-auto-pre-roll-machine\/","name":"PFM-06 Auto Live Resin Pre Roll Maschine | Hochgeschwindigkeit &amp; Pr\u00e4zise","isPartOf":{"@id":"https:\/\/afancyvapemachinery.com\/fr\/#website"},"primaryImageOfPage":{"@id":"https:\/\/afancyvapemachinery.com\/product\/pfm-06-auto-pre-roll-machine\/#primaryimage"},"image":{"@id":"https:\/\/afancyvapemachinery.com\/product\/pfm-06-auto-pre-roll-machine\/#primaryimage"},"thumbnailUrl":"https:\/\/afancyvapemachinery.com\/wp-content\/uploads\/2025\/08\/auto-pre-roll-machine-2-2456.webp","datePublished":"2025-08-01T02:31:51+00:00","dateModified":"2025-08-21T10:17:56+00:00","description":"PFM-06 Auto Live Resin Pre Roll Machine: Hochgeschwindigkeit und gro\u00dfer Ma\u00dfstab zum Abf\u00fcllen von CBD, THC und Live Rosin Oil. Einfach zu bedienen. Ideal f\u00fcr Cannabisproduzenten.","breadcrumb":{"@id":"https:\/\/afancyvapemachinery.com\/product\/pfm-06-auto-pre-roll-machine\/#breadcrumb"},"inLanguage":"de-DE","potentialAction":[{"@type":"ReadAction","target":["https:\/\/afancyvapemachinery.com\/product\/pfm-06-auto-pre-roll-machine\/"]}]},{"@type":"ImageObject","inLanguage":"de-DE","@id":"https:\/\/afancyvapemachinery.com\/product\/pfm-06-auto-pre-roll-machine\/#primaryimage","url":"https:\/\/afancyvapemachinery.com\/wp-content\/uploads\/2025\/08\/auto-pre-roll-machine-2-2456.webp","contentUrl":"https:\/\/afancyvapemachinery.com\/wp-content\/uploads\/2025\/08\/auto-pre-roll-machine-2-2456.webp","width":800,"height":800,"caption":"Auto Pre Roll Machine (2)"},{"@type":"BreadcrumbList","@id":"https:\/\/afancyvapemachinery.com\/product\/pfm-06-auto-pre-roll-machine\/#breadcrumb","itemListElement":[{"@type":"ListItem","position":1,"name":"Home","item":"https:\/\/afancyvapemachinery.com\/"},{"@type":"ListItem","position":2,"name":"products","item":"https:\/\/afancyvapemachinery.com\/automatic-vape-cartridge-filling-machine\/"},{"@type":"ListItem","position":3,"name":"PFM-06 Auto Live Resin Pre Roll Machine"}]},{"@type":"WebSite","@id":"https:\/\/afancyvapemachinery.com\/fr\/#website","url":"https:\/\/afancyvapemachinery.com\/fr\/","name":"AFFANZ","description":"","potentialAction":[{"@type":"SearchAction","target":{"@type":"EntryPoint","urlTemplate":"https:\/\/afancyvapemachinery.com\/fr\/?s={search_term_string}"},"query-input":{"@type":"PropertyValueSpecification","valueRequired":true,"valueName":"search_term_string"}}],"inLanguage":"de-DE"}]}},"_links":{"self":[{"href":"https:\/\/afancyvapemachinery.com\/de\/wp-json\/wp\/v2\/product\/4130","targetHints":{"allow":["GET"]}}],"collection":[{"href":"https:\/\/afancyvapemachinery.com\/de\/wp-json\/wp\/v2\/product"}],"about":[{"href":"https:\/\/afancyvapemachinery.com\/de\/wp-json\/wp\/v2\/types\/product"}],"replies":[{"embeddable":true,"href":"https:\/\/afancyvapemachinery.com\/de\/wp-json\/wp\/v2\/comments?post=4130"}],"wp:featuredmedia":[{"embeddable":true,"href":"https:\/\/afancyvapemachinery.com\/de\/wp-json\/wp\/v2\/media\/4132"}],"wp:attachment":[{"href":"https:\/\/afancyvapemachinery.com\/de\/wp-json\/wp\/v2\/media?parent=4130"}],"wp:term":[{"taxonomy":"product_cat","embeddable":true,"href":"https:\/\/afancyvapemachinery.com\/de\/wp-json\/wp\/v2\/product_cat?post=4130"},{"taxonomy":"product_tag","embeddable":true,"href":"https:\/\/afancyvapemachinery.com\/de\/wp-json\/wp\/v2\/product_tag?post=4130"}],"curies":[{"name":"wp","href":"https:\/\/api.w.org\/{rel}","templated":true}]}}