{"id":4444,"date":"2026-05-02T11:16:35","date_gmt":"2026-05-02T03:16:35","guid":{"rendered":"https:\/\/afancyvapemachinery.com\/?post_type=product&#038;p=4444"},"modified":"2026-05-03T22:17:05","modified_gmt":"2026-05-03T14:17:05","slug":"cfm-03-cartridge-filling-and-capping-machine","status":"publish","type":"product","link":"https:\/\/afancyvapemachinery.com\/de\/product\/cfm-03-cartridge-filling-and-capping-machine\/","title":{"rendered":"CFM-03 Kartuschenf\u00fcll- und Verschlie\u00dfmaschine"},"content":{"rendered":"<section class=\"section\" id=\"section_998846911\">\n\t\t<div class=\"bg section-bg fill bg-fill  bg-loaded\" >\n\n\t\t\t\n\t\t\t\n\t\t\t\n\n\t\t<\/div>\n\n\t\t\n\n\t\t<div class=\"section-content relative\">\n\t\t\t\n<div class=\"row\"  id=\"row-147015211\">\n\n\t<div id=\"col-483274680\" class=\"col small-12 large-12\"  >\n\t\t\t\t<div class=\"col-inner\"  >\n\t\t\t\n\t\t\t\n<h2>CFM-03 Kartuschenf\u00fcll- und Verschlie\u00dfmaschine\u00a0<\/h2>\n<p class=\"product-intro\">Die CFM-03 ist so konzipiert, dass sie sowohl das Abf\u00fcllen als auch das Verschlie\u00dfen in einem kontinuierlichen Arbeitsablauf erm\u00f6glicht, wodurch die Handhabungsschritte reduziert und die Gesamtkonsistenz der Produktion verbessert wird.<\/p>\n<p>Es ist kompatibel mit Standard-510-Kartuschen und \u00e4hnlichen Formaten. Es bietet eine stabile F\u00fcllleistung f\u00fcr hochviskoses \u00d6l sowie eine kontrollierte Verschlusskraft f\u00fcr eine zuverl\u00e4ssige Abdichtung.<\/p>\n<p>F\u00fcr Betriebe, die eine gleichbleibende Produktionsmenge ben\u00f6tigen, bietet der CFM-03 einen praktischen Schritt hin zur automatisierten Kartuschenproduktion.<\/p>\n<p><a href=\"https:\/\/afancyvapemachinery.com\/de\/contact\/\">\ud83d\udce9 Kontaktieren Sie unser Team, um Ihren Kartuschentyp, das F\u00fcllvolumen und die Produktionskapazit\u00e4t zu besprechen.<\/a><\/p>\n\t\t<\/div>\n\t\t\t\t\t<\/div>\n\n\t\n<\/div>\n<div class=\"row align-middle\"  id=\"row-1240522076\">\n\n\t<div id=\"col-462406904\" class=\"col small-12 large-12\"  >\n\t\t\t\t<div class=\"col-inner\"  >\n\t\t\t\n\t\t\t\n<h2>CFM-03 in der Patronenproduktion<\/h2>\n<p>Dieses Video zeigt die CFM-03 bei der Durchf\u00fchrung eines kompletten Abf\u00fcll- und Verschlie\u00dfprozesses in einem System.<\/p>\n<p>Vom Abf\u00fcllen bis zum endg\u00fcltigen Verschlie\u00dfen wird jeder Schritt in einem einzigen Arbeitsablauf abgewickelt, was Zeit spart und die Konsistenz in der t\u00e4glichen Produktion verbessert.<\/p>\n<div class=\"video video-fit mb\" style=\"padding-top:56.25%;\"><p>https:\/\/www.youtube.com\/watch?v=EvRwILHemMs<\/p>\n<\/div>\n\t\t<\/div>\n\t\t\t\t\t<\/div>\n\n\t\n<\/div>\n<div class=\"row\"  id=\"row-886776700\">\n\n\t<div id=\"col-1335534452\" class=\"col small-12 large-12\"  >\n\t\t\t\t<div class=\"col-inner\"  >\n\t\t\t\n\t\t\t\n\t<div class=\"img has-hover x md-x lg-x y md-y lg-y\" id=\"image_400464954\">\n\t\t\t\t\t\t\t\t<div class=\"img-inner dark\" >\n\t\t\t<img loading=\"lazy\" decoding=\"async\" width=\"800\" height=\"400\" src=\"https:\/\/afancyvapemachinery.com\/wp-content\/uploads\/2026\/05\/cfm-03-cartridge-filling-capping-machine-3561.webp\" class=\"attachment-large size-large\" alt=\"CFM 03 Kartuschenf\u00fcll- und Verschlie\u00dfmaschine\" srcset=\"https:\/\/afancyvapemachinery.com\/wp-content\/uploads\/2026\/05\/cfm-03-cartridge-filling-capping-machine-3561.webp 800w, https:\/\/afancyvapemachinery.com\/wp-content\/uploads\/2026\/05\/cfm-03-cartridge-filling-capping-machine-3561-300x150.webp 300w, https:\/\/afancyvapemachinery.com\/wp-content\/uploads\/2026\/05\/cfm-03-cartridge-filling-capping-machine-3561-768x384.webp 768w, https:\/\/afancyvapemachinery.com\/wp-content\/uploads\/2026\/05\/cfm-03-cartridge-filling-capping-machine-3561-18x9.webp 18w\" sizes=\"auto, (max-width: 800px) 100vw, 800px\" \/>\t\t\t\t\t\t\n\t\t\t\t\t<\/div>\n\t\t\t\t\t\t\t\t\n<style>\n#image_400464954 {\n  width: 100%;\n}\n<\/style>\n\t<\/div>\n\t\n\t\t<\/div>\n\t\t\t\t\t<\/div>\n\n\t\n<\/div>\n<div class=\"row\"  id=\"row-1534920263\">\n\n\t<div id=\"col-361021210\" class=\"col small-12 large-12\"  >\n\t\t\t\t<div class=\"col-inner\"  >\n\t\t\t\n\t\t\t\n<h2>CFM-03 \u2013 Technische Spezifikationen<\/h2>\n<p>Die Spezifikationen dienen nur als Referenz. Die Konfiguration ist anwendungsabh\u00e4ngig.<\/p>\n<table border=\"0\" width=\"514\">\n<tbody>\n<tr style=\"background-color: #e6e6e6;\">\n<td width=\"143\">Arbeitstyp<\/td>\n<td width=\"371\">Automatisch<\/td>\n<\/tr>\n<tr>\n<td>Kompatible Produkte<\/td>\n<td>510er Kartuschen\u00a0<\/td>\n<\/tr>\n<tr style=\"background-color: #e6e6e6;\">\n<td>Verschlussweg<\/td>\n<td>Motorbetriebene Kappen<\/td>\n<\/tr>\n<tr>\n<td>F\u00fcllweg<\/td>\n<td>Motorbetriebene Bef\u00fcllung<\/td>\n<\/tr>\n<tr style=\"background-color: #e6e6e6;\">\n<td>Stromversorgung<\/td>\n<td>Wechselstrom 110 V \/ 220 V (60 Hz)<\/td>\n<\/tr>\n<tr>\n<td>Operationsart<\/td>\n<td>Touchscreen- und SPS-basiertes Steuerungssystem<\/td>\n<\/tr>\n<tr style=\"background-color: #e6e6e6;\">\n<td>510-Kartuschenkapazit\u00e4t<\/td>\n<td>0,5 ml \/ 1 ml \/ 2 ml \/ 3 ml<\/td>\n<\/tr>\n<tr>\n<td>Maschinenabmessungen<\/td>\n<td>800*850*1350mm (31,5*33,5*53 Zoll)<\/td>\n<\/tr>\n<tr style=\"background-color: #e6e6e6;\">\n<td>Nettogewicht<\/td>\n<td>300 kg (660 lbs)<\/td>\n<\/tr>\n<\/tbody>\n<\/table>\n<p>Anpassbar an verschiedene Kartuschendesigns und Produktionsanforderungen.<\/p>\n\t\t<\/div>\n\t\t\t\t\t<\/div>\n\n\t\n<\/div>\n<div class=\"row align-middle\"  id=\"row-1973779880\">\n\n\t<div id=\"col-1493583937\" class=\"col small-12 large-12\"  >\n\t\t\t\t<div class=\"col-inner\"  >\n\t\t\t\n\t\t\t\n<h2>Warum CFM-03 w\u00e4hlen?<\/h2>\n<h3>Konzipiert f\u00fcr eine stabile Tagesleistung<\/h3>\n<p>Die CFM-03 ist so konzipiert, dass die Produktion \u00fcber lange Zeitr\u00e4ume hinweg konstant bleibt, ohne dass h\u00e4ufige Anpassungen oder Eingriffe des Bedieners erforderlich sind.<\/p>\n<p>Es fasst 510 Kartuschen und gew\u00e4hrleistet einen gleichm\u00e4\u00dfigen F\u00fcllstand sowie eine sichere Bef\u00fcllung auch bei wiederholten Zyklen. Dies ist besonders wichtig bei der Verarbeitung dickfl\u00fcssigerer Materialien, die eine gleichm\u00e4\u00dfige Bewegung und kontrollierten Druck erfordern.<\/p>\n<p>Senden Sie uns Ihre Kartuschenspezifikationen und Ihr t\u00e4gliches Produktionsziel. Wir helfen Ihnen gerne dabei, zu pr\u00fcfen, ob diese Konfiguration Ihren Produktionsanforderungen entspricht.<\/p>\n\t\t<\/div>\n\t\t\t\t\n<style>\n#col-1493583937 > .col-inner {\n  padding: 0 0px 0px 0px;\n}\n<\/style>\n\t<\/div>\n\n\t\n\n\t<div id=\"col-465264860\" class=\"col small-12 large-12\"  >\n\t\t\t\t<div class=\"col-inner\"  >\n\t\t\t\n\t\t\t\n<div class=\"row row-collapse row-full-width\"  id=\"row-1325362659\">\n\n\t<div id=\"col-415362456\" class=\"col large-12\"  >\n\t\t\t\t<div class=\"col-inner\"  >\n\t\t\t\n\t\t\t\n\t<div class=\"img has-hover x md-x lg-x y md-y lg-y\" id=\"image_1470654471\">\n\t\t\t\t\t\t\t\t<div class=\"img-inner image-cover dark\" style=\"padding-top:100%;\">\n\t\t\t<img loading=\"lazy\" decoding=\"async\" width=\"800\" height=\"800\" src=\"https:\/\/afancyvapemachinery.com\/wp-content\/uploads\/2026\/05\/510-cartridge-filling-and-capping-machine-3843.webp\" class=\"attachment-large size-large\" alt=\"510 Kartuschenf\u00fcll- und Verschlie\u00dfmaschine f\u00fcr die automatisierte Produktion\" srcset=\"https:\/\/afancyvapemachinery.com\/wp-content\/uploads\/2026\/05\/510-cartridge-filling-and-capping-machine-3843.webp 800w, https:\/\/afancyvapemachinery.com\/wp-content\/uploads\/2026\/05\/510-cartridge-filling-and-capping-machine-3843-300x300.webp 300w, https:\/\/afancyvapemachinery.com\/wp-content\/uploads\/2026\/05\/510-cartridge-filling-and-capping-machine-3843-80x80.webp 80w, https:\/\/afancyvapemachinery.com\/wp-content\/uploads\/2026\/05\/510-cartridge-filling-and-capping-machine-3843-768x768.webp 768w, https:\/\/afancyvapemachinery.com\/wp-content\/uploads\/2026\/05\/510-cartridge-filling-and-capping-machine-3843-12x12.webp 12w, https:\/\/afancyvapemachinery.com\/wp-content\/uploads\/2026\/05\/510-cartridge-filling-and-capping-machine-3843-500x500.webp 500w, https:\/\/afancyvapemachinery.com\/wp-content\/uploads\/2026\/05\/510-cartridge-filling-and-capping-machine-3843-100x100.webp 100w\" sizes=\"auto, (max-width: 800px) 100vw, 800px\" \/>\t\t\t\t\t\t\n\t\t\t\t\t<\/div>\n\t\t\t\t\t\t\t\t\n<style>\n#image_1470654471 {\n  width: 100%;\n}\n<\/style>\n\t<\/div>\n\t\n\t\t<\/div>\n\t\t\t\t\t<\/div>\n\n\t\n<\/div>\n\t\t<\/div>\n\t\t\t\t\n<style>\n#col-465264860 > .col-inner {\n  padding: 0 0px 0px 0px;\n}\n<\/style>\n\t<\/div>\n\n\t\n<\/div>\n<h2>CFM-03 FAQ<\/h2>\n\t\t<\/div>\n\n\t\t\n<style>\n#section_998846911 {\n  padding-top: 0px;\n  padding-bottom: 0px;\n}\n#section_998846911 .ux-shape-divider--top svg {\n  height: 150px;\n  --divider-top-width: 100%;\n}\n#section_998846911 .ux-shape-divider--bottom svg {\n  height: 150px;\n  --divider-width: 100%;\n}\n<\/style>\n\t<\/section>\n\t\n<div class=\"accordion\" rel=\"\">\n<div class=\"accordion-item\"><a href=\"#\" class=\"accordion-title plain\"><button class=\"toggle\" aria-label=\"Umschalten\"><i class=\"icon-angle-down\"><\/i><\/button><span>1. Welche Patronentypen werden unterst\u00fctzt?<\/span><\/a><div class=\"accordion-inner\">\n<p>Standard-510-Kartuschen und \u00e4hnliche Formate.<\/p>\n<\/div><\/div>\n<div class=\"accordion-item\"><a href=\"#\" class=\"accordion-title plain\"><button class=\"toggle\" aria-label=\"Umschalten\"><i class=\"icon-angle-down\"><\/i><\/button><span>2. Kann es hochviskose Materialien verarbeiten?<\/span><\/a><div class=\"accordion-inner\">\n<p>Ja. Das System ist so konzipiert, dass es auch bei dickfl\u00fcssigeren Materialien eine stabile Bef\u00fcllung gew\u00e4hrleistet.<\/p>\n<\/div><\/div>\n<div class=\"accordion-item\"><a href=\"#\" class=\"accordion-title plain\"><button class=\"toggle\" aria-label=\"Umschalten\"><i class=\"icon-angle-down\"><\/i><\/button><span>3. Von wem wird dieses System typischerweise genutzt?<\/span><\/a><div class=\"accordion-inner\">\n<p>Hersteller, die von manueller oder halbautomatischer Produktion auf eine besser kontrollierte Produktionsweise umsteigen m\u00f6chten.<\/p>\n<\/div><\/div>\n<\/div>\n<h4>Nennen Sie uns bitte Ihren Patronentyp, das F\u00fcllvolumen und die t\u00e4gliche F\u00f6rdermenge.<br \/>Wir pr\u00fcfen, ob das CFM-03 zu Ihrer Konfiguration passt und teilen Ihnen Preis und Lieferzeit mit.<\/h4>","protected":false},"excerpt":{"rendered":"<h3>Technische Spezifikationen<\/h3>\n<ul>\n<li>Geeignete L\u00e4nge der 510er-Vape-Kartusche: 5 mm\u2013100 mm<\/li>\n<li>F\u00fcllvolumen: 0,2 ml\u20132 ml<\/li>\n<li>Bildschirmgr\u00f6\u00dfe: 7 Zoll<\/li>\n<li>Arbeitsleistung: 1500-3000 St\u00fcck pro Stunde<\/li>\n<li>Stromversorgung: Wechselstrom 110 V \/ 220 V (50 Hz)<\/li>\n<\/ul>\n<h3 style=\"color: #000;\">Highlights<\/h3>\n<ul style=\"color: #000;\">\n<li>Die CFM-03 ist eine automatische 510-Kartuschenf\u00fcll- und Verschlie\u00dfmaschine, die f\u00fcr eine gleichbleibende und hocheffiziente Produktion entwickelt wurde.<\/li>\n<li>Durch die Kombination von Abf\u00fcllung und Verschlie\u00dfung in einem System wird die manuelle Handhabung reduziert, die Stabilit\u00e4t des Outputs verbessert und die Wiederholbarkeit der Ergebnisse \u00fcber verschiedene Chargen hinweg gew\u00e4hrleistet.<\/li>\n<\/ul>","protected":false},"featured_media":4448,"comment_status":"closed","ping_status":"closed","template":"","meta":[],"product_cat":[47,55,56,57,48,53,54],"product_tag":[],"class_list":["post-4444","product","type-product","status-publish","has-post-thumbnail","hentry","product_cat-cartridge-filling-machine","product_cat-semi-automatic-cartridge-filling-machine","product_cat-automatic-vape-cartridge-filling-machine","product_cat-full-automatic-cartridge-filling-machine","product_cat-cartridge-capping-machine","product_cat-vape-cartridge-capping-machine","product_cat-full-automatic-cartridge-capping-machine"],"yoast_head":"<!-- This site is optimized with the Yoast SEO plugin v27.1.1 - https:\/\/yoast.com\/product\/yoast-seo-wordpress\/ -->\n<title>CFM-03 510 Cartridge Filling and Capping Machine<\/title>\n<meta name=\"description\" content=\"Built for consistent cartridge production, the CFM-03 combines filling&amp;capping in one system. Suitable for 510 cartridges.\" \/>\n<meta name=\"robots\" content=\"index, follow, max-snippet:-1, max-image-preview:large, max-video-preview:-1\" \/>\n<link rel=\"canonical\" href=\"https:\/\/afancyvapemachinery.com\/de\/product\/cfm-03-cartridge-filling-and-capping-machine\/\" \/>\n<meta property=\"og:locale\" content=\"de_DE\" \/>\n<meta property=\"og:type\" content=\"article\" \/>\n<meta property=\"og:title\" content=\"CFM-03 510 Cartridge Filling and Capping Machine\" \/>\n<meta property=\"og:description\" content=\"Built for consistent cartridge production, the CFM-03 combines filling&amp;capping in one system. Suitable for 510 cartridges.\" \/>\n<meta property=\"og:url\" content=\"https:\/\/afancyvapemachinery.com\/de\/product\/cfm-03-cartridge-filling-and-capping-machine\/\" \/>\n<meta property=\"og:site_name\" content=\"AFANCY\" \/>\n<meta property=\"article:modified_time\" content=\"2026-05-03T14:17:05+00:00\" \/>\n<meta property=\"og:image\" content=\"https:\/\/afancyvapemachinery.com\/wp-content\/uploads\/2026\/05\/cartridge-filling-and-capping-machine-7934.webp\" \/>\n\t<meta property=\"og:image:width\" content=\"800\" \/>\n\t<meta property=\"og:image:height\" content=\"800\" \/>\n\t<meta property=\"og:image:type\" content=\"image\/webp\" \/>\n<meta name=\"twitter:card\" content=\"summary_large_image\" \/>\n<meta name=\"twitter:label1\" content=\"Est. reading time\" \/>\n\t<meta name=\"twitter:data1\" content=\"3 minutes\" \/>\n<script type=\"application\/ld+json\" class=\"yoast-schema-graph\">{\"@context\":\"https:\/\/schema.org\",\"@graph\":[{\"@type\":\"WebPage\",\"@id\":\"https:\/\/afancyvapemachinery.com\/product\/cfm-03-cartridge-filling-and-capping-machine\/\",\"url\":\"https:\/\/afancyvapemachinery.com\/product\/cfm-03-cartridge-filling-and-capping-machine\/\",\"name\":\"CFM-03 510 Cartridge Filling and Capping Machine\",\"isPartOf\":{\"@id\":\"https:\/\/afancyvapemachinery.com\/fr\/#website\"},\"primaryImageOfPage\":{\"@id\":\"https:\/\/afancyvapemachinery.com\/product\/cfm-03-cartridge-filling-and-capping-machine\/#primaryimage\"},\"image\":{\"@id\":\"https:\/\/afancyvapemachinery.com\/product\/cfm-03-cartridge-filling-and-capping-machine\/#primaryimage\"},\"thumbnailUrl\":\"https:\/\/afancyvapemachinery.com\/wp-content\/uploads\/2026\/05\/cartridge-filling-and-capping-machine-7934.webp\",\"datePublished\":\"2026-05-02T03:16:35+00:00\",\"dateModified\":\"2026-05-03T14:17:05+00:00\",\"description\":\"Built for consistent cartridge production, the CFM-03 combines filling&capping in one system. Suitable for 510 cartridges.\",\"breadcrumb\":{\"@id\":\"https:\/\/afancyvapemachinery.com\/product\/cfm-03-cartridge-filling-and-capping-machine\/#breadcrumb\"},\"inLanguage\":\"de-DE\",\"potentialAction\":[{\"@type\":\"ReadAction\",\"target\":[\"https:\/\/afancyvapemachinery.com\/product\/cfm-03-cartridge-filling-and-capping-machine\/\"]}]},{\"@type\":\"ImageObject\",\"inLanguage\":\"de-DE\",\"@id\":\"https:\/\/afancyvapemachinery.com\/product\/cfm-03-cartridge-filling-and-capping-machine\/#primaryimage\",\"url\":\"https:\/\/afancyvapemachinery.com\/wp-content\/uploads\/2026\/05\/cartridge-filling-and-capping-machine-7934.webp\",\"contentUrl\":\"https:\/\/afancyvapemachinery.com\/wp-content\/uploads\/2026\/05\/cartridge-filling-and-capping-machine-7934.webp\",\"width\":800,\"height\":800,\"caption\":\"Integrated filling and capping system for efficient cartridge production\"},{\"@type\":\"BreadcrumbList\",\"@id\":\"https:\/\/afancyvapemachinery.com\/product\/cfm-03-cartridge-filling-and-capping-machine\/#breadcrumb\",\"itemListElement\":[{\"@type\":\"ListItem\",\"position\":1,\"name\":\"Home\",\"item\":\"https:\/\/afancyvapemachinery.com\/\"},{\"@type\":\"ListItem\",\"position\":2,\"name\":\"products\",\"item\":\"https:\/\/afancyvapemachinery.com\/automatic-vape-cartridge-filling-machine\/\"},{\"@type\":\"ListItem\",\"position\":3,\"name\":\"CFM-03 Cartridge Filling and Capping Machine\"}]},{\"@type\":\"WebSite\",\"@id\":\"https:\/\/afancyvapemachinery.com\/fr\/#website\",\"url\":\"https:\/\/afancyvapemachinery.com\/fr\/\",\"name\":\"AFANCY\",\"description\":\"\",\"potentialAction\":[{\"@type\":\"SearchAction\",\"target\":{\"@type\":\"EntryPoint\",\"urlTemplate\":\"https:\/\/afancyvapemachinery.com\/fr\/?s={search_term_string}\"},\"query-input\":{\"@type\":\"PropertyValueSpecification\",\"valueRequired\":true,\"valueName\":\"search_term_string\"}}],\"inLanguage\":\"de-DE\"}]}<\/script>\n<!-- \/ Yoast SEO plugin. -->","yoast_head_json":{"title":"CFM-03 510 Kartuschenf\u00fcll- und Verschlie\u00dfmaschine","description":"Die CFM-03 wurde f\u00fcr die gleichbleibende Produktion von Kartuschen entwickelt und vereint Bef\u00fcllung und Verkapselung in einem System. Geeignet f\u00fcr 510er Kartuschen.","robots":{"index":"index","follow":"follow","max-snippet":"max-snippet:-1","max-image-preview":"max-image-preview:large","max-video-preview":"max-video-preview:-1"},"canonical":"https:\/\/afancyvapemachinery.com\/de\/product\/cfm-03-cartridge-filling-and-capping-machine\/","og_locale":"de_DE","og_type":"article","og_title":"CFM-03 510 Cartridge Filling and Capping Machine","og_description":"Built for consistent cartridge production, the CFM-03 combines filling&capping in one system. Suitable for 510 cartridges.","og_url":"https:\/\/afancyvapemachinery.com\/de\/product\/cfm-03-cartridge-filling-and-capping-machine\/","og_site_name":"AFANCY","article_modified_time":"2026-05-03T14:17:05+00:00","og_image":[{"width":800,"height":800,"url":"https:\/\/afancyvapemachinery.com\/wp-content\/uploads\/2026\/05\/cartridge-filling-and-capping-machine-7934.webp","type":"image\/webp"}],"twitter_card":"summary_large_image","twitter_misc":{"Est. reading time":"3 minutes"},"schema":{"@context":"https:\/\/schema.org","@graph":[{"@type":"WebPage","@id":"https:\/\/afancyvapemachinery.com\/product\/cfm-03-cartridge-filling-and-capping-machine\/","url":"https:\/\/afancyvapemachinery.com\/product\/cfm-03-cartridge-filling-and-capping-machine\/","name":"CFM-03 510 Kartuschenf\u00fcll- und Verschlie\u00dfmaschine","isPartOf":{"@id":"https:\/\/afancyvapemachinery.com\/fr\/#website"},"primaryImageOfPage":{"@id":"https:\/\/afancyvapemachinery.com\/product\/cfm-03-cartridge-filling-and-capping-machine\/#primaryimage"},"image":{"@id":"https:\/\/afancyvapemachinery.com\/product\/cfm-03-cartridge-filling-and-capping-machine\/#primaryimage"},"thumbnailUrl":"https:\/\/afancyvapemachinery.com\/wp-content\/uploads\/2026\/05\/cartridge-filling-and-capping-machine-7934.webp","datePublished":"2026-05-02T03:16:35+00:00","dateModified":"2026-05-03T14:17:05+00:00","description":"Die CFM-03 wurde f\u00fcr die gleichbleibende Produktion von Kartuschen entwickelt und vereint Bef\u00fcllung und Verkapselung in einem System. Geeignet f\u00fcr 510er Kartuschen.","breadcrumb":{"@id":"https:\/\/afancyvapemachinery.com\/product\/cfm-03-cartridge-filling-and-capping-machine\/#breadcrumb"},"inLanguage":"de-DE","potentialAction":[{"@type":"ReadAction","target":["https:\/\/afancyvapemachinery.com\/product\/cfm-03-cartridge-filling-and-capping-machine\/"]}]},{"@type":"ImageObject","inLanguage":"de-DE","@id":"https:\/\/afancyvapemachinery.com\/product\/cfm-03-cartridge-filling-and-capping-machine\/#primaryimage","url":"https:\/\/afancyvapemachinery.com\/wp-content\/uploads\/2026\/05\/cartridge-filling-and-capping-machine-7934.webp","contentUrl":"https:\/\/afancyvapemachinery.com\/wp-content\/uploads\/2026\/05\/cartridge-filling-and-capping-machine-7934.webp","width":800,"height":800,"caption":"Integrated filling and capping system for efficient cartridge production"},{"@type":"BreadcrumbList","@id":"https:\/\/afancyvapemachinery.com\/product\/cfm-03-cartridge-filling-and-capping-machine\/#breadcrumb","itemListElement":[{"@type":"ListItem","position":1,"name":"Home","item":"https:\/\/afancyvapemachinery.com\/"},{"@type":"ListItem","position":2,"name":"products","item":"https:\/\/afancyvapemachinery.com\/automatic-vape-cartridge-filling-machine\/"},{"@type":"ListItem","position":3,"name":"CFM-03 Cartridge Filling and Capping Machine"}]},{"@type":"WebSite","@id":"https:\/\/afancyvapemachinery.com\/fr\/#website","url":"https:\/\/afancyvapemachinery.com\/fr\/","name":"AFFANZ","description":"","potentialAction":[{"@type":"SearchAction","target":{"@type":"EntryPoint","urlTemplate":"https:\/\/afancyvapemachinery.com\/fr\/?s={search_term_string}"},"query-input":{"@type":"PropertyValueSpecification","valueRequired":true,"valueName":"search_term_string"}}],"inLanguage":"de-DE"}]}},"_links":{"self":[{"href":"https:\/\/afancyvapemachinery.com\/de\/wp-json\/wp\/v2\/product\/4444","targetHints":{"allow":["GET"]}}],"collection":[{"href":"https:\/\/afancyvapemachinery.com\/de\/wp-json\/wp\/v2\/product"}],"about":[{"href":"https:\/\/afancyvapemachinery.com\/de\/wp-json\/wp\/v2\/types\/product"}],"replies":[{"embeddable":true,"href":"https:\/\/afancyvapemachinery.com\/de\/wp-json\/wp\/v2\/comments?post=4444"}],"wp:featuredmedia":[{"embeddable":true,"href":"https:\/\/afancyvapemachinery.com\/de\/wp-json\/wp\/v2\/media\/4448"}],"wp:attachment":[{"href":"https:\/\/afancyvapemachinery.com\/de\/wp-json\/wp\/v2\/media?parent=4444"}],"wp:term":[{"taxonomy":"product_cat","embeddable":true,"href":"https:\/\/afancyvapemachinery.com\/de\/wp-json\/wp\/v2\/product_cat?post=4444"},{"taxonomy":"product_tag","embeddable":true,"href":"https:\/\/afancyvapemachinery.com\/de\/wp-json\/wp\/v2\/product_tag?post=4444"}],"curies":[{"name":"wp","href":"https:\/\/api.w.org\/{rel}","templated":true}]}}