{"id":4444,"date":"2026-05-02T11:16:35","date_gmt":"2026-05-02T03:16:35","guid":{"rendered":"https:\/\/afancyvapemachinery.com\/?post_type=product&#038;p=4444"},"modified":"2026-05-03T22:17:05","modified_gmt":"2026-05-03T14:17:05","slug":"cfm-03-cartridge-filling-and-capping-machine","status":"publish","type":"product","link":"https:\/\/afancyvapemachinery.com\/es\/product\/cfm-03-cartridge-filling-and-capping-machine\/","title":{"rendered":"M\u00e1quina de llenado y taponado de cartuchos CFM-03"},"content":{"rendered":"<section class=\"section\" id=\"section_1327957825\">\n\t\t<div class=\"bg section-bg fill bg-fill  bg-loaded\" >\n\n\t\t\t\n\t\t\t\n\t\t\t\n\n\t\t<\/div>\n\n\t\t\n\n\t\t<div class=\"section-content relative\">\n\t\t\t\n<div class=\"row\"  id=\"row-922761342\">\n\n\t<div id=\"col-1876817847\" class=\"col small-12 large-12\"  >\n\t\t\t\t<div class=\"col-inner\"  >\n\t\t\t\n\t\t\t\n<h2>M\u00e1quina de llenado y taponado de cartuchos CFM-03\u00a0<\/h2>\n<p class=\"product-intro\">La CFM-03 est\u00e1 dise\u00f1ada para gestionar tanto el llenado como el taponado en un flujo de trabajo continuo, lo que reduce los pasos de manipulaci\u00f3n y mejora la consistencia general de la producci\u00f3n.<\/p>\n<p>Funciona con cartuchos est\u00e1ndar 510 y formatos similares. Proporciona un rendimiento de llenado estable para aceites de alta viscosidad, junto con una fuerza de taponado controlada para un sellado fiable.<\/p>\n<p>Para operaciones que requieren una producci\u00f3n constante, el CFM-03 ofrece un paso pr\u00e1ctico hacia la producci\u00f3n automatizada de cartuchos.<\/p>\n<p><a href=\"https:\/\/afancyvapemachinery.com\/es\/contact\/\">\ud83d\udce9 P\u00f3ngase en contacto con nuestro equipo para hablar sobre el tipo de cartucho, el volumen de llenado y la capacidad de producci\u00f3n.<\/a><\/p>\n\t\t<\/div>\n\t\t\t\t\t<\/div>\n\n\t\n<\/div>\n<div class=\"row align-middle\"  id=\"row-1160118384\">\n\n\t<div id=\"col-1408596437\" class=\"col small-12 large-12\"  >\n\t\t\t\t<div class=\"col-inner\"  >\n\t\t\t\n\t\t\t\n<h2>CFM-03 en la producci\u00f3n de cartuchos<\/h2>\n<p>Este v\u00eddeo muestra c\u00f3mo el CFM-03 realiza un proceso completo de llenado y taponado en un solo sistema.<\/p>\n<p>Desde el llenado hasta el taponado final, cada paso se gestiona en un \u00fanico flujo de trabajo, lo que ahorra tiempo y mejora la uniformidad en la producci\u00f3n diaria.<\/p>\n<div class=\"video video-fit mb\" style=\"padding-top:56.25%;\"><p>https:\/\/www.youtube.com\/watch?v=EvRwILHemMs<\/p>\n<\/div>\n\t\t<\/div>\n\t\t\t\t\t<\/div>\n\n\t\n<\/div>\n<div class=\"row\"  id=\"row-672218976\">\n\n\t<div id=\"col-1286645422\" class=\"col small-12 large-12\"  >\n\t\t\t\t<div class=\"col-inner\"  >\n\t\t\t\n\t\t\t\n\t<div class=\"img has-hover x md-x lg-x y md-y lg-y\" id=\"image_665786928\">\n\t\t\t\t\t\t\t\t<div class=\"img-inner dark\" >\n\t\t\t<img loading=\"lazy\" decoding=\"async\" width=\"800\" height=\"400\" src=\"https:\/\/afancyvapemachinery.com\/wp-content\/uploads\/2026\/05\/cfm-03-cartridge-filling-capping-machine-3561.webp\" class=\"attachment-large size-large\" alt=\"M\u00e1quina de llenado y taponado de cartuchos Cfm 03\" srcset=\"https:\/\/afancyvapemachinery.com\/wp-content\/uploads\/2026\/05\/cfm-03-cartridge-filling-capping-machine-3561.webp 800w, https:\/\/afancyvapemachinery.com\/wp-content\/uploads\/2026\/05\/cfm-03-cartridge-filling-capping-machine-3561-300x150.webp 300w, https:\/\/afancyvapemachinery.com\/wp-content\/uploads\/2026\/05\/cfm-03-cartridge-filling-capping-machine-3561-768x384.webp 768w, https:\/\/afancyvapemachinery.com\/wp-content\/uploads\/2026\/05\/cfm-03-cartridge-filling-capping-machine-3561-18x9.webp 18w\" sizes=\"auto, (max-width: 800px) 100vw, 800px\" \/>\t\t\t\t\t\t\n\t\t\t\t\t<\/div>\n\t\t\t\t\t\t\t\t\n<style>\n#image_665786928 {\n  width: 100%;\n}\n<\/style>\n\t<\/div>\n\t\n\t\t<\/div>\n\t\t\t\t\t<\/div>\n\n\t\n<\/div>\n<div class=\"row\"  id=\"row-1786154994\">\n\n\t<div id=\"col-1156843718\" class=\"col small-12 large-12\"  >\n\t\t\t\t<div class=\"col-inner\"  >\n\t\t\t\n\t\t\t\n<h2>CFM-03 \u2013 Especificaciones t\u00e9cnicas<\/h2>\n<p>Las especificaciones son solo de referencia. La configuraci\u00f3n depende de la aplicaci\u00f3n.<\/p>\n<table border=\"0\" width=\"514\">\n<tbody>\n<tr style=\"background-color: #e6e6e6;\">\n<td width=\"143\">Tipo de trabajo<\/td>\n<td width=\"371\">Autom\u00e1tico<\/td>\n<\/tr>\n<tr>\n<td>Productos compatibles<\/td>\n<td>510 cartuchos\u00a0<\/td>\n<\/tr>\n<tr style=\"background-color: #e6e6e6;\">\n<td>Forma de tapar<\/td>\n<td>Tapado accionado por motor<\/td>\n<\/tr>\n<tr>\n<td>Llenando camino<\/td>\n<td>Llenado motorizado<\/td>\n<\/tr>\n<tr style=\"background-color: #e6e6e6;\">\n<td>Fuente de alimentaci\u00f3n<\/td>\n<td>CA 110 V\/220 V (60 Hz)<\/td>\n<\/tr>\n<tr>\n<td>Tipo de operaci\u00f3n<\/td>\n<td>Sistema de control basado en pantalla t\u00e1ctil y PLC<\/td>\n<\/tr>\n<tr style=\"background-color: #e6e6e6;\">\n<td>Capacidad para cartuchos 510<\/td>\n<td>0,5 ml \/ 1 ml \/ 2 ml \/ 3 ml<\/td>\n<\/tr>\n<tr>\n<td>Dimensiones de la m\u00e1quina<\/td>\n<td>800*850*1350 mm (31,5*33,5*53 pulgadas)<\/td>\n<\/tr>\n<tr style=\"background-color: #e6e6e6;\">\n<td>Peso neto<\/td>\n<td>300 kg (660 libras)<\/td>\n<\/tr>\n<\/tbody>\n<\/table>\n<p>Adaptable a diversos dise\u00f1os de cartuchos y requisitos de producci\u00f3n.<\/p>\n\t\t<\/div>\n\t\t\t\t\t<\/div>\n\n\t\n<\/div>\n<div class=\"row align-middle\"  id=\"row-1528909074\">\n\n\t<div id=\"col-1897261063\" class=\"col small-12 large-12\"  >\n\t\t\t\t<div class=\"col-inner\"  >\n\t\t\t\n\t\t\t\n<h2>\u00bfPor qu\u00e9 elegir CFM-03?<\/h2>\n<h3>Dise\u00f1ado para una producci\u00f3n diaria estable.<\/h3>\n<p>El CFM-03 est\u00e1 dise\u00f1ado para mantener una producci\u00f3n constante durante largos periodos de funcionamiento, sin necesidad de ajustes frecuentes ni intervenci\u00f3n del operario.<\/p>\n<p>Admite cartuchos 510, manteniendo niveles de llenado uniformes y un llenado seguro en ciclos repetidos. Esto es especialmente importante al trabajar con materiales m\u00e1s densos que requieren un movimiento constante y una presi\u00f3n controlada.<\/p>\n<p>Env\u00edanos las especificaciones de tu cartucho y tu objetivo de producci\u00f3n diaria. Te ayudaremos a confirmar si esta configuraci\u00f3n se ajusta a tus necesidades de producci\u00f3n.<\/p>\n\t\t<\/div>\n\t\t\t\t\n<style>\n#col-1897261063 > .col-inner {\n  padding: 0 0px 0px 0px;\n}\n<\/style>\n\t<\/div>\n\n\t\n\n\t<div id=\"col-1739204300\" class=\"col small-12 large-12\"  >\n\t\t\t\t<div class=\"col-inner\"  >\n\t\t\t\n\t\t\t\n<div class=\"row row-collapse row-full-width\"  id=\"row-1655084967\">\n\n\t<div id=\"col-821563561\" class=\"col large-12\"  >\n\t\t\t\t<div class=\"col-inner\"  >\n\t\t\t\n\t\t\t\n\t<div class=\"img has-hover x md-x lg-x y md-y lg-y\" id=\"image_267698390\">\n\t\t\t\t\t\t\t\t<div class=\"img-inner image-cover dark\" style=\"padding-top:100%;\">\n\t\t\t<img loading=\"lazy\" decoding=\"async\" width=\"800\" height=\"800\" src=\"https:\/\/afancyvapemachinery.com\/wp-content\/uploads\/2026\/05\/510-cartridge-filling-and-capping-machine-3843.webp\" class=\"attachment-large size-large\" alt=\"M\u00e1quina de llenado y taponado de cartuchos 510 para producci\u00f3n automatizada\" srcset=\"https:\/\/afancyvapemachinery.com\/wp-content\/uploads\/2026\/05\/510-cartridge-filling-and-capping-machine-3843.webp 800w, https:\/\/afancyvapemachinery.com\/wp-content\/uploads\/2026\/05\/510-cartridge-filling-and-capping-machine-3843-300x300.webp 300w, https:\/\/afancyvapemachinery.com\/wp-content\/uploads\/2026\/05\/510-cartridge-filling-and-capping-machine-3843-80x80.webp 80w, https:\/\/afancyvapemachinery.com\/wp-content\/uploads\/2026\/05\/510-cartridge-filling-and-capping-machine-3843-768x768.webp 768w, https:\/\/afancyvapemachinery.com\/wp-content\/uploads\/2026\/05\/510-cartridge-filling-and-capping-machine-3843-12x12.webp 12w, https:\/\/afancyvapemachinery.com\/wp-content\/uploads\/2026\/05\/510-cartridge-filling-and-capping-machine-3843-500x500.webp 500w, https:\/\/afancyvapemachinery.com\/wp-content\/uploads\/2026\/05\/510-cartridge-filling-and-capping-machine-3843-100x100.webp 100w\" sizes=\"auto, (max-width: 800px) 100vw, 800px\" \/>\t\t\t\t\t\t\n\t\t\t\t\t<\/div>\n\t\t\t\t\t\t\t\t\n<style>\n#image_267698390 {\n  width: 100%;\n}\n<\/style>\n\t<\/div>\n\t\n\t\t<\/div>\n\t\t\t\t\t<\/div>\n\n\t\n<\/div>\n\t\t<\/div>\n\t\t\t\t\n<style>\n#col-1739204300 > .col-inner {\n  padding: 0 0px 0px 0px;\n}\n<\/style>\n\t<\/div>\n\n\t\n<\/div>\n<h2>Preguntas frecuentes sobre el CFM-03<\/h2>\n\t\t<\/div>\n\n\t\t\n<style>\n#section_1327957825 {\n  padding-top: 0px;\n  padding-bottom: 0px;\n}\n#section_1327957825 .ux-shape-divider--top svg {\n  height: 150px;\n  --divider-top-width: 100%;\n}\n#section_1327957825 .ux-shape-divider--bottom svg {\n  height: 150px;\n  --divider-width: 100%;\n}\n<\/style>\n\t<\/section>\n\t\n<div class=\"accordion\" rel=\"\">\n<div class=\"accordion-item\"><a href=\"#\" class=\"accordion-title plain\"><button class=\"toggle\" aria-label=\"Palanca\"><i class=\"icon-angle-down\"><\/i><\/button><span>1. \u00bfQu\u00e9 tipos de cartuchos admite?<\/span><\/a><div class=\"accordion-inner\">\n<p>Cartuchos est\u00e1ndar 510 y formatos similares.<\/p>\n<\/div><\/div>\n<div class=\"accordion-item\"><a href=\"#\" class=\"accordion-title plain\"><button class=\"toggle\" aria-label=\"Palanca\"><i class=\"icon-angle-down\"><\/i><\/button><span>2. \u00bfPuede procesar materiales de alta viscosidad?<\/span><\/a><div class=\"accordion-inner\">\n<p>S\u00ed. El sistema est\u00e1 dise\u00f1ado para mantener un llenado estable con materiales m\u00e1s densos.<\/p>\n<\/div><\/div>\n<div class=\"accordion-item\"><a href=\"#\" class=\"accordion-title plain\"><button class=\"toggle\" aria-label=\"Palanca\"><i class=\"icon-angle-down\"><\/i><\/button><span>3. \u00bfQui\u00e9nes suelen utilizar este sistema?<\/span><\/a><div class=\"accordion-inner\">\n<p>Fabricantes que buscan pasar de la producci\u00f3n manual o semiautom\u00e1tica a una configuraci\u00f3n m\u00e1s controlada.<\/p>\n<\/div><\/div>\n<\/div>\n<h4>Ind\u00edquenos el tipo de cartucho, el volumen de llenado y la producci\u00f3n diaria.<br \/>Confirmaremos si el CFM-03 se ajusta a su configuraci\u00f3n y le informaremos sobre el precio y el plazo de entrega.<\/h4>","protected":false},"excerpt":{"rendered":"<h3>Especificaciones t\u00e9cnicas<\/h3>\n<ul>\n<li>Longitud aplicable del cartucho de vapeo 510: 5 mm-100 mm<\/li>\n<li>Volumen de llenado: 0,2 ml-2 ml<\/li>\n<li>Tama\u00f1o de pantalla: 7 pulgadas<\/li>\n<li>Eficiencia de trabajo: 1500-3000 piezas por hora<\/li>\n<li>Alimentaci\u00f3n el\u00e9ctrica: CA 110V \/ 220V (50Hz)<\/li>\n<\/ul>\n<h3 style=\"color: #000;\">Reflejos<\/h3>\n<ul style=\"color: #000;\">\n<li>La CFM-03 es una m\u00e1quina autom\u00e1tica de llenado y taponado de cartuchos 510 dise\u00f1ada para una producci\u00f3n constante y de alta eficiencia.<\/li>\n<li>Al combinar el llenado y el taponado en un solo sistema, se reduce la manipulaci\u00f3n manual, se mejora la estabilidad de la producci\u00f3n y se ayuda a mantener resultados repetibles entre lotes.<\/li>\n<\/ul>","protected":false},"featured_media":4448,"comment_status":"closed","ping_status":"closed","template":"","meta":[],"product_cat":[47,55,56,57,48,53,54],"product_tag":[],"class_list":["post-4444","product","type-product","status-publish","has-post-thumbnail","hentry","product_cat-cartridge-filling-machine","product_cat-semi-automatic-cartridge-filling-machine","product_cat-automatic-vape-cartridge-filling-machine","product_cat-full-automatic-cartridge-filling-machine","product_cat-cartridge-capping-machine","product_cat-vape-cartridge-capping-machine","product_cat-full-automatic-cartridge-capping-machine"],"yoast_head":"<!-- This site is optimized with the Yoast SEO plugin v27.1.1 - https:\/\/yoast.com\/product\/yoast-seo-wordpress\/ -->\n<title>CFM-03 510 Cartridge Filling and Capping Machine<\/title>\n<meta name=\"description\" content=\"Built for consistent cartridge production, the CFM-03 combines filling&amp;capping in one system. Suitable for 510 cartridges.\" \/>\n<meta name=\"robots\" content=\"index, follow, max-snippet:-1, max-image-preview:large, max-video-preview:-1\" \/>\n<link rel=\"canonical\" href=\"https:\/\/afancyvapemachinery.com\/es\/product\/cfm-03-cartridge-filling-and-capping-machine\/\" \/>\n<meta property=\"og:locale\" content=\"es_ES\" \/>\n<meta property=\"og:type\" content=\"article\" \/>\n<meta property=\"og:title\" content=\"CFM-03 510 Cartridge Filling and Capping Machine\" \/>\n<meta property=\"og:description\" content=\"Built for consistent cartridge production, the CFM-03 combines filling&amp;capping in one system. Suitable for 510 cartridges.\" \/>\n<meta property=\"og:url\" content=\"https:\/\/afancyvapemachinery.com\/es\/product\/cfm-03-cartridge-filling-and-capping-machine\/\" \/>\n<meta property=\"og:site_name\" content=\"AFANCY\" \/>\n<meta property=\"article:modified_time\" content=\"2026-05-03T14:17:05+00:00\" \/>\n<meta property=\"og:image\" content=\"https:\/\/afancyvapemachinery.com\/wp-content\/uploads\/2026\/05\/cartridge-filling-and-capping-machine-7934.webp\" \/>\n\t<meta property=\"og:image:width\" content=\"800\" \/>\n\t<meta property=\"og:image:height\" content=\"800\" \/>\n\t<meta property=\"og:image:type\" content=\"image\/webp\" \/>\n<meta name=\"twitter:card\" content=\"summary_large_image\" \/>\n<meta name=\"twitter:label1\" content=\"Est. reading time\" \/>\n\t<meta name=\"twitter:data1\" content=\"3 minutes\" \/>\n<script type=\"application\/ld+json\" class=\"yoast-schema-graph\">{\"@context\":\"https:\/\/schema.org\",\"@graph\":[{\"@type\":\"WebPage\",\"@id\":\"https:\/\/afancyvapemachinery.com\/product\/cfm-03-cartridge-filling-and-capping-machine\/\",\"url\":\"https:\/\/afancyvapemachinery.com\/product\/cfm-03-cartridge-filling-and-capping-machine\/\",\"name\":\"CFM-03 510 Cartridge Filling and Capping Machine\",\"isPartOf\":{\"@id\":\"https:\/\/afancyvapemachinery.com\/fr\/#website\"},\"primaryImageOfPage\":{\"@id\":\"https:\/\/afancyvapemachinery.com\/product\/cfm-03-cartridge-filling-and-capping-machine\/#primaryimage\"},\"image\":{\"@id\":\"https:\/\/afancyvapemachinery.com\/product\/cfm-03-cartridge-filling-and-capping-machine\/#primaryimage\"},\"thumbnailUrl\":\"https:\/\/afancyvapemachinery.com\/wp-content\/uploads\/2026\/05\/cartridge-filling-and-capping-machine-7934.webp\",\"datePublished\":\"2026-05-02T03:16:35+00:00\",\"dateModified\":\"2026-05-03T14:17:05+00:00\",\"description\":\"Built for consistent cartridge production, the CFM-03 combines filling&capping in one system. Suitable for 510 cartridges.\",\"breadcrumb\":{\"@id\":\"https:\/\/afancyvapemachinery.com\/product\/cfm-03-cartridge-filling-and-capping-machine\/#breadcrumb\"},\"inLanguage\":\"es-ES\",\"potentialAction\":[{\"@type\":\"ReadAction\",\"target\":[\"https:\/\/afancyvapemachinery.com\/product\/cfm-03-cartridge-filling-and-capping-machine\/\"]}]},{\"@type\":\"ImageObject\",\"inLanguage\":\"es-ES\",\"@id\":\"https:\/\/afancyvapemachinery.com\/product\/cfm-03-cartridge-filling-and-capping-machine\/#primaryimage\",\"url\":\"https:\/\/afancyvapemachinery.com\/wp-content\/uploads\/2026\/05\/cartridge-filling-and-capping-machine-7934.webp\",\"contentUrl\":\"https:\/\/afancyvapemachinery.com\/wp-content\/uploads\/2026\/05\/cartridge-filling-and-capping-machine-7934.webp\",\"width\":800,\"height\":800,\"caption\":\"Integrated filling and capping system for efficient cartridge production\"},{\"@type\":\"BreadcrumbList\",\"@id\":\"https:\/\/afancyvapemachinery.com\/product\/cfm-03-cartridge-filling-and-capping-machine\/#breadcrumb\",\"itemListElement\":[{\"@type\":\"ListItem\",\"position\":1,\"name\":\"Home\",\"item\":\"https:\/\/afancyvapemachinery.com\/\"},{\"@type\":\"ListItem\",\"position\":2,\"name\":\"products\",\"item\":\"https:\/\/afancyvapemachinery.com\/automatic-vape-cartridge-filling-machine\/\"},{\"@type\":\"ListItem\",\"position\":3,\"name\":\"CFM-03 Cartridge Filling and Capping Machine\"}]},{\"@type\":\"WebSite\",\"@id\":\"https:\/\/afancyvapemachinery.com\/fr\/#website\",\"url\":\"https:\/\/afancyvapemachinery.com\/fr\/\",\"name\":\"AFANCY\",\"description\":\"\",\"potentialAction\":[{\"@type\":\"SearchAction\",\"target\":{\"@type\":\"EntryPoint\",\"urlTemplate\":\"https:\/\/afancyvapemachinery.com\/fr\/?s={search_term_string}\"},\"query-input\":{\"@type\":\"PropertyValueSpecification\",\"valueRequired\":true,\"valueName\":\"search_term_string\"}}],\"inLanguage\":\"es-ES\"}]}<\/script>\n<!-- \/ Yoast SEO plugin. -->","yoast_head_json":{"title":"M\u00e1quina de llenado y taponado de cartuchos CFM-03 510","description":"Dise\u00f1ada para una producci\u00f3n de cartuchos uniforme, la CFM-03 combina el llenado y el taponado en un solo sistema. Apta para cartuchos 510.","robots":{"index":"index","follow":"follow","max-snippet":"max-snippet:-1","max-image-preview":"max-image-preview:large","max-video-preview":"max-video-preview:-1"},"canonical":"https:\/\/afancyvapemachinery.com\/es\/product\/cfm-03-cartridge-filling-and-capping-machine\/","og_locale":"es_ES","og_type":"article","og_title":"CFM-03 510 Cartridge Filling and Capping Machine","og_description":"Built for consistent cartridge production, the CFM-03 combines filling&capping in one system. Suitable for 510 cartridges.","og_url":"https:\/\/afancyvapemachinery.com\/es\/product\/cfm-03-cartridge-filling-and-capping-machine\/","og_site_name":"AFANCY","article_modified_time":"2026-05-03T14:17:05+00:00","og_image":[{"width":800,"height":800,"url":"https:\/\/afancyvapemachinery.com\/wp-content\/uploads\/2026\/05\/cartridge-filling-and-capping-machine-7934.webp","type":"image\/webp"}],"twitter_card":"summary_large_image","twitter_misc":{"Est. reading time":"3 minutes"},"schema":{"@context":"https:\/\/schema.org","@graph":[{"@type":"WebPage","@id":"https:\/\/afancyvapemachinery.com\/product\/cfm-03-cartridge-filling-and-capping-machine\/","url":"https:\/\/afancyvapemachinery.com\/product\/cfm-03-cartridge-filling-and-capping-machine\/","name":"M\u00e1quina de llenado y taponado de cartuchos CFM-03 510","isPartOf":{"@id":"https:\/\/afancyvapemachinery.com\/fr\/#website"},"primaryImageOfPage":{"@id":"https:\/\/afancyvapemachinery.com\/product\/cfm-03-cartridge-filling-and-capping-machine\/#primaryimage"},"image":{"@id":"https:\/\/afancyvapemachinery.com\/product\/cfm-03-cartridge-filling-and-capping-machine\/#primaryimage"},"thumbnailUrl":"https:\/\/afancyvapemachinery.com\/wp-content\/uploads\/2026\/05\/cartridge-filling-and-capping-machine-7934.webp","datePublished":"2026-05-02T03:16:35+00:00","dateModified":"2026-05-03T14:17:05+00:00","description":"Dise\u00f1ada para una producci\u00f3n de cartuchos uniforme, la CFM-03 combina el llenado y el taponado en un solo sistema. Apta para cartuchos 510.","breadcrumb":{"@id":"https:\/\/afancyvapemachinery.com\/product\/cfm-03-cartridge-filling-and-capping-machine\/#breadcrumb"},"inLanguage":"es-ES","potentialAction":[{"@type":"ReadAction","target":["https:\/\/afancyvapemachinery.com\/product\/cfm-03-cartridge-filling-and-capping-machine\/"]}]},{"@type":"ImageObject","inLanguage":"es-ES","@id":"https:\/\/afancyvapemachinery.com\/product\/cfm-03-cartridge-filling-and-capping-machine\/#primaryimage","url":"https:\/\/afancyvapemachinery.com\/wp-content\/uploads\/2026\/05\/cartridge-filling-and-capping-machine-7934.webp","contentUrl":"https:\/\/afancyvapemachinery.com\/wp-content\/uploads\/2026\/05\/cartridge-filling-and-capping-machine-7934.webp","width":800,"height":800,"caption":"Integrated filling and capping system for efficient cartridge production"},{"@type":"BreadcrumbList","@id":"https:\/\/afancyvapemachinery.com\/product\/cfm-03-cartridge-filling-and-capping-machine\/#breadcrumb","itemListElement":[{"@type":"ListItem","position":1,"name":"Home","item":"https:\/\/afancyvapemachinery.com\/"},{"@type":"ListItem","position":2,"name":"products","item":"https:\/\/afancyvapemachinery.com\/automatic-vape-cartridge-filling-machine\/"},{"@type":"ListItem","position":3,"name":"CFM-03 Cartridge Filling and Capping Machine"}]},{"@type":"WebSite","@id":"https:\/\/afancyvapemachinery.com\/fr\/#website","url":"https:\/\/afancyvapemachinery.com\/fr\/","name":"UN ELEGANTE","description":"","potentialAction":[{"@type":"SearchAction","target":{"@type":"EntryPoint","urlTemplate":"https:\/\/afancyvapemachinery.com\/fr\/?s={search_term_string}"},"query-input":{"@type":"PropertyValueSpecification","valueRequired":true,"valueName":"search_term_string"}}],"inLanguage":"es-ES"}]}},"_links":{"self":[{"href":"https:\/\/afancyvapemachinery.com\/es\/wp-json\/wp\/v2\/product\/4444","targetHints":{"allow":["GET"]}}],"collection":[{"href":"https:\/\/afancyvapemachinery.com\/es\/wp-json\/wp\/v2\/product"}],"about":[{"href":"https:\/\/afancyvapemachinery.com\/es\/wp-json\/wp\/v2\/types\/product"}],"replies":[{"embeddable":true,"href":"https:\/\/afancyvapemachinery.com\/es\/wp-json\/wp\/v2\/comments?post=4444"}],"wp:featuredmedia":[{"embeddable":true,"href":"https:\/\/afancyvapemachinery.com\/es\/wp-json\/wp\/v2\/media\/4448"}],"wp:attachment":[{"href":"https:\/\/afancyvapemachinery.com\/es\/wp-json\/wp\/v2\/media?parent=4444"}],"wp:term":[{"taxonomy":"product_cat","embeddable":true,"href":"https:\/\/afancyvapemachinery.com\/es\/wp-json\/wp\/v2\/product_cat?post=4444"},{"taxonomy":"product_tag","embeddable":true,"href":"https:\/\/afancyvapemachinery.com\/es\/wp-json\/wp\/v2\/product_tag?post=4444"}],"curies":[{"name":"gracias","href":"https:\/\/api.w.org\/{rel}","templated":true}]}}