{"id":1384,"date":"2023-02-16T09:43:06","date_gmt":"2023-02-16T01:43:06","guid":{"rendered":"https:\/\/afancyvapemachinery.com\/?page_id=1384"},"modified":"2024-06-25T10:27:54","modified_gmt":"2024-06-25T02:27:54","slug":"faq","status":"publish","type":"page","link":"https:\/\/afancyvapemachinery.com\/fr\/faq\/","title":{"rendered":"FAQ"},"content":{"rendered":"<section class=\"section\" id=\"section_1021198494\">\n\t\t<div class=\"bg section-bg fill bg-fill  bg-loaded\" >\n\n\t\t\t\n\t\t\t\n\t\t\t\n\n\t\t<\/div>\n\n\t\t\n\n\t\t<div class=\"section-content relative\">\n\t\t\t\n\n\n  <div class=\"banner has-hover\" id=\"banner-1901287936\">\n          <div class=\"banner-inner fill\">\n        <div class=\"banner-bg fill\" >\n            <div class=\"bg fill bg-fill\"><\/div>\n                                    \n                    <\/div>\n\t\t\n        <div class=\"banner-layers container\">\n            <div class=\"fill banner-link\"><\/div>            \n\n   <div id=\"text-box-269108984\" class=\"text-box banner-layer x50 md-x50 lg-x50 y50 md-y50 lg-y50 res-text\">\n                                <div class=\"text-box-content text dark\">\n              \n              <div class=\"text-inner text-center\">\n                  \n\n\n              <\/div>\n           <\/div>\n                            \n<style>\n#text-box-269108984 {\n  width: 60%;\n}\n#text-box-269108984 .text-box-content {\n  font-size: 100%;\n}\n<\/style>\n    <\/div>\n \n\n        <\/div>\n      <\/div>\n\n              <div class=\"height-fix is-invisible\"><img loading=\"lazy\" decoding=\"async\" width=\"1920\" height=\"400\" src=\"https:\/\/afancyvapemachinery.com\/wp-content\/uploads\/2023\/03\/MESH_BAG-2-1.webp\" class=\"attachment-original size-original\" alt=\"\" srcset=\"https:\/\/afancyvapemachinery.com\/wp-content\/uploads\/2023\/03\/MESH_BAG-2-1.webp 1920w, https:\/\/afancyvapemachinery.com\/wp-content\/uploads\/2023\/03\/MESH_BAG-2-1-300x63.webp 300w, https:\/\/afancyvapemachinery.com\/wp-content\/uploads\/2023\/03\/MESH_BAG-2-1-1030x215.webp 1030w, https:\/\/afancyvapemachinery.com\/wp-content\/uploads\/2023\/03\/MESH_BAG-2-1-768x160.webp 768w, https:\/\/afancyvapemachinery.com\/wp-content\/uploads\/2023\/03\/MESH_BAG-2-1-1536x320.webp 1536w, https:\/\/afancyvapemachinery.com\/wp-content\/uploads\/2023\/03\/MESH_BAG-2-1-800x167.webp 800w\" sizes=\"auto, (max-width: 1920px) 100vw, 1920px\" \/><\/div>\n            \n<style>\n#banner-1901287936 .bg.bg-loaded {\n  background-image: url(https:\/\/afancyvapemachinery.com\/wp-content\/uploads\/2023\/03\/MESH_BAG-2-1.webp);\n}\n#banner-1901287936 .ux-shape-divider--top svg {\n  height: 150px;\n  --divider-top-width: 100%;\n}\n#banner-1901287936 .ux-shape-divider--bottom svg {\n  height: 150px;\n  --divider-width: 100%;\n}\n<\/style>\n  <\/div>\n\n\n\n\t\t<\/div>\n\n\t\t\n<style>\n#section_1021198494 {\n  padding-top: 0px;\n  padding-bottom: 0px;\n}\n#section_1021198494 .ux-shape-divider--top svg {\n  height: 150px;\n  --divider-top-width: 100%;\n}\n#section_1021198494 .ux-shape-divider--bottom svg {\n  height: 150px;\n  --divider-width: 100%;\n}\n<\/style>\n\t<\/section>\n\t\n\t<section class=\"section\" id=\"section_1715905976\">\n\t\t<div class=\"bg section-bg fill bg-fill  bg-loaded\" >\n\n\t\t\t\n\t\t\t\n\t\t\t\n\n\t\t<\/div>\n\n\t\t\n\n\t\t<div class=\"section-content relative\">\n\t\t\t\n\n\t<div id=\"gap-568209255\" class=\"gap-element clearfix\" style=\"display:block; height:auto;\">\n\t\t\n<style>\n#gap-568209255 {\n  padding-top: 70px;\n}\n<\/style>\n\t<\/div>\n\t\n\n<div class=\"row align-center\"  id=\"row-1618974990\">\n\n\n\t<div id=\"col-1716571044\" class=\"col medium-6 small-12 large-6\"  >\n\t\t\t\t<div class=\"col-inner\"  >\n\t\t\t\n\t\t\t\n\n<h2>Bienvenue contactez-nous, nous ferons de notre mieux<\/h2>\n<h2>\u00c0 faire pour chacun de nos clients<\/h2>\n\t<div id=\"gap-79381597\" class=\"gap-element clearfix\" style=\"display:block; height:auto;\">\n\t\t\n<style>\n#gap-79381597 {\n  padding-top: 13px;\n}\n@media (min-width:550px) {\n  #gap-79381597 {\n    padding-top: 20px;\n  }\n}\n<\/style>\n\t<\/div>\n\t\n\n<h3>Service client<\/h3>\n<ul>\n<li class=\"bullet-checkmark\">Prise en charge des appels vid\u00e9o en ligne 24 heures sur 24<\/li>\n<li class=\"bullet-checkmark\">Aidez-nous \u00e0 personnaliser votre machine de marque<\/li>\n<li class=\"bullet-checkmark\">Solution unique de remplissage et de bouchage<\/li>\n<li class=\"bullet-checkmark\">Certificat FDA\/CE disponible<\/li>\n<\/ul>\n<a href=\"#is-pop\" target=\"_self\" class=\"button primary\"  style=\"border-radius:10px;\">\n    <span>Contactez-nous<\/span>\n  <\/a>\n\n\n\n\t\t<\/div>\n\t\t\t\t\t<\/div>\n\n\t\n\n\t<div id=\"col-1787866042\" class=\"col medium-6 small-12 large-6\"  >\n\t\t\t\t<div class=\"col-inner\"  >\n\t\t\t\n\t\t\t\n\n<div class=\"row\"  id=\"row-709292492\">\n\n\n\t<div id=\"col-377619592\" class=\"col small-12 large-12\"  >\n\t\t\t\t<div class=\"col-inner\"  >\n\t\t\t\n\t\t\t\n\n<h2>FAQ<\/h2>\n<p>Vous trouverez ici quelques questions fr\u00e9quemment pos\u00e9es sur les machines de remplissage de cartouches.<\/p>\n\n\t\t<\/div>\n\t\t\t\t\t<\/div>\n\n\t\n\n<\/div>\n<div class=\"accordion\" rel=\"\">\n\n<div class=\"accordion-item\"><a href=\"#\" class=\"accordion-title plain\"><button class=\"toggle\" aria-label=\"Basculer\"><i class=\"icon-angle-down\"><\/i><\/button><span>1. Quelle est la dur\u00e9e de la p\u00e9riode de garantie de la machine ? Qu&#039;en est-il du service apr\u00e8s-vente ?<\/span><\/a><div class=\"accordion-inner\">\n\n<ul>\n<li>La p\u00e9riode de garantie pour toutes les machines est de 24 mois \u00e0 compter de l&#039;achat. Si vous rencontrez un probl\u00e8me lors de l&#039;utilisation, vous pouvez nous contacter par information ou appel vid\u00e9o \u00e0 tout moment.<\/li>\n<\/ul>\n\n<\/div><\/div>\n<div class=\"accordion-item\"><a href=\"#\" class=\"accordion-title plain\"><button class=\"toggle\" aria-label=\"Basculer\"><i class=\"icon-angle-down\"><\/i><\/button><span>2.La machine est-elle adapt\u00e9e au remplissage d\u2019huile tr\u00e8s \u00e9paisse ?<\/span><\/a><div class=\"accordion-inner\">\n\n<ul>\n<li>La machine s\u2019adresse \u00e0 l\u2019huile \u00e9paisse CBD\/THC. Il y a un syst\u00e8me de chauffage \u00e0 l&#039;int\u00e9rieur, qui peut chauffer enti\u00e8rement pour assurer un d\u00e9bit rapide. Vous pouvez consulter la vid\u00e9o de test t\u00e9l\u00e9charg\u00e9e sur notre site Web.<\/li>\n<\/ul>\n\n<\/div><\/div>\n<div class=\"accordion-item\"><a href=\"#\" class=\"accordion-title plain\"><button class=\"toggle\" aria-label=\"Basculer\"><i class=\"icon-angle-down\"><\/i><\/button><span>3.Quelle est la capacit\u00e9 du tambour d&#039;huile de la machine ?<\/span><\/a><div class=\"accordion-inner\">\n\n<ul>\n<li>Concernant les diff\u00e9rents mod\u00e8les, la capacit\u00e9 du r\u00e9servoir d&#039;huile varie de 300 ml \u00e0 3000 ml. De plus, nous prenons en charge la personnalisation de la capacit\u00e9 du r\u00e9servoir d\u2019huile.<\/li>\n<\/ul>\n\n<\/div><\/div>\n\n<\/div>\n<div class=\"accordion\" rel=\"\">\n\n<div class=\"accordion-item\"><a href=\"#\" class=\"accordion-title plain\"><button class=\"toggle\" aria-label=\"Basculer\"><i class=\"icon-angle-down\"><\/i><\/button><span>4. Comment nettoyer la machine ?<\/span><\/a><div class=\"accordion-inner\">\n\n<ul>\n<li>La plupart des r\u00e9servoirs de mazout sont suspendus \u00e0 l&#039;ext\u00e9rieur, qui peuvent \u00eatre d\u00e9mont\u00e9s directement par nettoyage. S&#039;il n&#039;est pas d\u00e9mont\u00e9, il peut \u00eatre directement inject\u00e9 avec de l&#039;alcool et de l&#039;eau, en r\u00e9glant les temps de nettoyage pour compl\u00e9ter le nettoyage automatique.<\/li>\n<\/ul>\n\n<\/div><\/div>\n<div class=\"accordion-item\"><a href=\"#\" class=\"accordion-title plain\"><button class=\"toggle\" aria-label=\"Basculer\"><i class=\"icon-angle-down\"><\/i><\/button><span>5.Quelle est la vitesse de remplissage d&#039;huile de la machine ?<\/span><\/a><div class=\"accordion-inner\">\n\n<ul>\n<li>En ce qui concerne les mod\u00e8les semi-automatiques automatiques, l&#039;efficacit\u00e9 de remplissage d&#039;huile est de 1 000 \u00e0 1 500 pi\u00e8ces par heure, et l&#039;efficacit\u00e9 de remplissage des machines de remplissage automatiques et \u00e0 cinq t\u00eates peut atteindre 3 000 \u00e0 4 500 pi\u00e8ces par heure.<\/li>\n<\/ul>\n\n<\/div><\/div>\n<div class=\"accordion-item\"><a href=\"#\" class=\"accordion-title plain\"><button class=\"toggle\" aria-label=\"Basculer\"><i class=\"icon-angle-down\"><\/i><\/button><span>6. Dans combien de temps la commande peut-elle \u00eatre exp\u00e9di\u00e9e\u00a0?<\/span><\/a><div class=\"accordion-inner\">\n\n<ul>\n<li>\u00c0 l&#039;exception de la machine de remplissage CBD enti\u00e8rement automatique, les autres mod\u00e8les peuvent \u00eatre exp\u00e9di\u00e9s sous 5 \u00e0 7 jours. Et les mod\u00e8les AFM-01, AFM-07 et AFM-10 peuvent \u00eatre exp\u00e9di\u00e9s dans les 24 heures,<\/li>\n<\/ul>\n\n<\/div><\/div>\n\n<\/div>\n<div class=\"accordion\" rel=\"\">\n\n<div class=\"accordion-item\"><a href=\"#\" class=\"accordion-title plain\"><button class=\"toggle\" aria-label=\"Basculer\"><i class=\"icon-angle-down\"><\/i><\/button><span>7.Si la machine peut \u00eatre personnalis\u00e9e ?<\/span><\/a><div class=\"accordion-inner\">\n\n<ul>\n<li>Nous prenons enti\u00e8rement en charge la personnalisation, y compris l&#039;apparence, l&#039;interface de d\u00e9marrage et les fonctions.<\/li>\n<\/ul>\n\n<\/div><\/div>\n<div class=\"accordion-item\"><a href=\"#\" class=\"accordion-title plain\"><button class=\"toggle\" aria-label=\"Basculer\"><i class=\"icon-angle-down\"><\/i><\/button><span>8.Quelle est la pr\u00e9cision de remplissage ?<\/span><\/a><div class=\"accordion-inner\">\n\n<ul>\n<li>La pr\u00e9cision de remplissage d&#039;huile de \u00b10,01 est la plus \u00e9lev\u00e9e de l&#039;industrie.<\/li>\n<\/ul>\n\n<\/div><\/div>\n<div class=\"accordion-item\"><a href=\"#\" class=\"accordion-title plain\"><button class=\"toggle\" aria-label=\"Basculer\"><i class=\"icon-angle-down\"><\/i><\/button><span>9.Est-il facile \u00e0 utiliser ?<\/span><\/a><div class=\"accordion-inner\">\n\n<ul>\n<li>Le principe de conception du fonctionnement de notre machine fait r\u00e9f\u00e9rence au principe d&#039;un appareil photo \u00ab\u00a0viser-and-shoot\u00a0\u00bb. Vous pouvez d\u00e9marrer l\u2019huile en deux \u00e9tapes, l\u2019op\u00e9ration est donc simple. Et cela vous surprendra agr\u00e9ablement.<\/li>\n<\/ul>\n\n<\/div><\/div>\n\n<\/div>\n\t<div id=\"gap-407192941\" class=\"gap-element clearfix\" style=\"display:block; height:auto;\">\n\t\t\n<style>\n#gap-407192941 {\n  padding-top: 5px;\n}\n<\/style>\n\t<\/div>\n\t\n\n\n\t\t<\/div>\n\t\t\t\t\t<\/div>\n\n\t\n\n<\/div>\n\t<div id=\"gap-1407023743\" class=\"gap-element clearfix\" style=\"display:block; height:auto;\">\n\t\t\n<style>\n#gap-1407023743 {\n  padding-top: 0px;\n}\n@media (min-width:550px) {\n  #gap-1407023743 {\n    padding-top: 30px;\n  }\n}\n<\/style>\n\t<\/div>\n\t\n\n\n\t\t<\/div>\n\n\t\t\n<style>\n#section_1715905976 {\n  padding-top: 0px;\n  padding-bottom: 0px;\n}\n#section_1715905976 .ux-shape-divider--top svg {\n  height: 150px;\n  --divider-top-width: 100%;\n}\n#section_1715905976 .ux-shape-divider--bottom svg {\n  height: 150px;\n  --divider-width: 100%;\n}\n<\/style>\n\t<\/section>\n\t\n\t<section class=\"section\" id=\"section_1709689975\">\n\t\t<div class=\"bg section-bg fill bg-fill  bg-loaded\" >\n\n\t\t\t\n\t\t\t\n\t\t\t\n\n\t\t<\/div>\n\n\t\t\n\n\t\t<div class=\"section-content relative\">\n\t\t\t\n\n<div class=\"row row-collapse row-full-width\"  id=\"row-1946134657\">\n\n\n\t<div id=\"col-188116921\" class=\"col medium-6 small-12 large-6\"  >\n\t\t\t\t<div class=\"col-inner\"  >\n\t\t\t\n\t\t\t\n\n\t<div class=\"box has-hover   has-hover box-overlay dark box-text-middle\" >\n\n\t\t<div class=\"box-image\" >\n\t\t\t\t\t\t<div class=\"\" >\n\t\t\t\t<img loading=\"lazy\" decoding=\"async\" width=\"961\" height=\"550\" src=\"https:\/\/afancyvapemachinery.com\/wp-content\/uploads\/2023\/02\/MESH_BAG-140.webp\" class=\"attachment- size-\" alt=\"\" srcset=\"https:\/\/afancyvapemachinery.com\/wp-content\/uploads\/2023\/02\/MESH_BAG-140.webp 961w, https:\/\/afancyvapemachinery.com\/wp-content\/uploads\/2023\/02\/MESH_BAG-140-300x172.webp 300w, https:\/\/afancyvapemachinery.com\/wp-content\/uploads\/2023\/02\/MESH_BAG-140-768x440.webp 768w, https:\/\/afancyvapemachinery.com\/wp-content\/uploads\/2023\/02\/MESH_BAG-140-800x458.webp 800w\" sizes=\"auto, (max-width: 961px) 100vw, 961px\" \/>\t\t\t\t<div class=\"overlay\" style=\"background-color:1\"><\/div>\t\t\t\t\t\t\t<\/div>\n\t\t\t\t\t<\/div>\n\n\t\t<div class=\"box-text text-center\" style=\"padding:0px 0px 0px 0px;\">\n\t\t\t<div class=\"box-text-inner\">\n\t\t\t\t\n\n<div class=\"row align-middle align-center\"  id=\"row-1582335293\">\n\n\n\t<div id=\"col-356762345\" class=\"col medium-9 small-12 large-9\"  >\n\t\t\t\t<div class=\"col-inner\"  >\n\t\t\t\n\t\t\t\n\n<h3>Vous voulez voir notre machine plus de vid\u00e9os en action\u00a0?<\/h3>\n\t<div id=\"gap-1405463607\" class=\"gap-element clearfix\" style=\"display:block; height:auto;\">\n\t\t\n<style>\n#gap-1405463607 {\n  padding-top: 0px;\n}\n@media (min-width:550px) {\n  #gap-1405463607 {\n    padding-top: 15px;\n  }\n}\n<\/style>\n\t<\/div>\n\t\n\n<p>Veuillez vous rendre sur notre page de vid\u00e9os Youtube ou sur notre site Web,<br \/>\nun lot de vid\u00e9os sur le fonctionnement de nos machines.<\/p>\n\t<div id=\"gap-100919506\" class=\"gap-element clearfix\" style=\"display:block; height:auto;\">\n\t\t\n<style>\n#gap-100919506 {\n  padding-top: 0px;\n}\n@media (min-width:550px) {\n  #gap-100919506 {\n    padding-top: 15px;\n  }\n}\n<\/style>\n\t<\/div>\n\t\n\n<p><a class=\"button bluebutton\" style=\"border-radius: 10px;\" href=\"https:\/\/www.youtube.com\/channel\/UCJadoyiWyG_78gO1pjM3ykw\">SUPPORT DE LIVRE<br \/>\n<\/a><\/p>\n\n\t\t<\/div>\n\t\t\t\t\n<style>\n#col-356762345 > .col-inner {\n  margin: 0 0px 0px 0px;\n}\n@media (min-width:550px) {\n  #col-356762345 > .col-inner {\n    margin: -0 0px 0px 0px;\n  }\n}\n<\/style>\n\t<\/div>\n\n\t\n\n\n<style>\n#row-1582335293 > .col > .col-inner {\n  padding: 0px 0px 0px 0px;\n}\n<\/style>\n<\/div>\n\n\t\t\t<\/div>\n\t\t<\/div>\n\t<\/div>\n\t\n\t<div id=\"gap-988908404\" class=\"gap-element clearfix\" style=\"display:block; height:auto;\">\n\t\t\n<style>\n#gap-988908404 {\n  padding-top: 10px;\n}\n@media (min-width:550px) {\n  #gap-988908404 {\n    padding-top: 0px;\n  }\n}\n<\/style>\n\t<\/div>\n\t\n\n\n\t\t<\/div>\n\t\t\t\t\n<style>\n#col-188116921 > .col-inner {\n  margin: 0px 0px 0px 0px;\n}\n<\/style>\n\t<\/div>\n\n\t\n\n\t<div id=\"col-1581782760\" class=\"col medium-6 small-12 large-6\"  >\n\t\t\t\t<div class=\"col-inner text-left\"  >\n\t\t\t\n\t\t\t\n\n\t<div class=\"box has-hover   has-hover box-overlay dark box-text-middle\" >\n\n\t\t<div class=\"box-image\" >\n\t\t\t\t\t\t<div class=\"\" >\n\t\t\t\t<img loading=\"lazy\" decoding=\"async\" width=\"961\" height=\"550\" src=\"https:\/\/afancyvapemachinery.com\/wp-content\/uploads\/2023\/02\/MESH_BAG-141.webp\" class=\"attachment- size-\" alt=\"\" srcset=\"https:\/\/afancyvapemachinery.com\/wp-content\/uploads\/2023\/02\/MESH_BAG-141.webp 961w, https:\/\/afancyvapemachinery.com\/wp-content\/uploads\/2023\/02\/MESH_BAG-141-300x172.webp 300w, https:\/\/afancyvapemachinery.com\/wp-content\/uploads\/2023\/02\/MESH_BAG-141-768x440.webp 768w, https:\/\/afancyvapemachinery.com\/wp-content\/uploads\/2023\/02\/MESH_BAG-141-800x458.webp 800w\" sizes=\"auto, (max-width: 961px) 100vw, 961px\" \/>\t\t\t\t<div class=\"overlay\" style=\"background-color:1\"><\/div>\t\t\t\t\t\t\t<\/div>\n\t\t\t\t\t<\/div>\n\n\t\t<div class=\"box-text text-center\" style=\"padding:0px 0px 0px 0px;\">\n\t\t\t<div class=\"box-text-inner\">\n\t\t\t\t\n\n<div class=\"row align-middle align-center\"  id=\"row-2139872830\">\n\n\n\t<div id=\"col-1372525997\" class=\"col medium-9 small-12 large-9\"  >\n\t\t\t\t<div class=\"col-inner\"  >\n\t\t\t\n\t\t\t\n\n\t<div id=\"text-2603036983\" class=\"text\">\n\t\t\n\n<h3>Si vous avez besoin de notre ing\u00e9nieur pour plus de support technique\u00a0?<\/h3>\n\t\t\n<style>\n#text-2603036983 {\n  color: rgb(255,255,255);\n}\n#text-2603036983 > * {\n  color: rgb(255,255,255);\n}\n<\/style>\n\t<\/div>\n\t\n\t<div id=\"gap-1356437912\" class=\"gap-element clearfix\" style=\"display:block; height:auto;\">\n\t\t\n<style>\n#gap-1356437912 {\n  padding-top: 0px;\n}\n@media (min-width:550px) {\n  #gap-1356437912 {\n    padding-top: 15px;\n  }\n}\n<\/style>\n\t<\/div>\n\t\n\n\t<div id=\"text-2499697844\" class=\"text\">\n\t\t\n\nQuoi qu&#039;il arrive, nos ing\u00e9nieurs peuvent vous offrir une assistance technique 24 heures sur 24. Ils vous aideront \u00e0 r\u00e9soudre le probl\u00e8me de la machine.\n\t\t\n<style>\n#text-2499697844 {\n  color: rgb(255,255,255);\n}\n#text-2499697844 > * {\n  color: rgb(255,255,255);\n}\n<\/style>\n\t<\/div>\n\t\n\t<div id=\"gap-442789839\" class=\"gap-element clearfix\" style=\"display:block; height:auto;\">\n\t\t\n<style>\n#gap-442789839 {\n  padding-top: 0px;\n}\n@media (min-width:550px) {\n  #gap-442789839 {\n    padding-top: 15px;\n  }\n}\n<\/style>\n\t<\/div>\n\t\n\n<p><a class=\"button bluebutton\" style=\"border-radius: 10px;\" href=\"https:\/\/www.facebook.com\/profile.php?id=100089668796022\">SUPPORT DE LIVRE<br \/>\n<\/a><\/p>\n\n\t\t<\/div>\n\t\t\t\t\n<style>\n#col-1372525997 > .col-inner {\n  margin: 0px 0px 0 0px;\n}\n@media (min-width:550px) {\n  #col-1372525997 > .col-inner {\n    margin: -0 0px 0px 0px;\n  }\n}\n<\/style>\n\t<\/div>\n\n\t\n\n\n<style>\n#row-2139872830 > .col > .col-inner {\n  padding: 0px 0px 0px 0px;\n}\n<\/style>\n<\/div>\n\n\t\t\t<\/div>\n\t\t<\/div>\n\t<\/div>\n\t\n\t<div id=\"gap-563253794\" class=\"gap-element clearfix\" style=\"display:block; height:auto;\">\n\t\t\n<style>\n#gap-563253794 {\n  padding-top: 0px;\n}\n<\/style>\n\t<\/div>\n\t\n\n\n\t\t<\/div>\n\t\t\t\t\n<style>\n#col-1581782760 > .col-inner {\n  margin: 0px 0px 0 0px;\n}\n@media (min-width:550px) {\n  #col-1581782760 > .col-inner {\n    margin: 0px 0px -0 0px;\n  }\n}\n<\/style>\n\t<\/div>\n\n\t\n\n\n<style>\n#row-1946134657 > .col > .col-inner {\n  padding: 0px 0px 0px 0px;\n}\n<\/style>\n<\/div>\n\n\t\t<\/div>\n\n\t\t\n<style>\n#section_1709689975 {\n  padding-top: 0px;\n  padding-bottom: 0px;\n}\n#section_1709689975 .ux-shape-divider--top svg {\n  height: 150px;\n  --divider-top-width: 100%;\n}\n#section_1709689975 .ux-shape-divider--bottom svg {\n  height: 150px;\n  --divider-width: 100%;\n}\n<\/style>\n\t<\/section>\n\t\n\t<section class=\"section\" id=\"section_1396591282\">\n\t\t<div class=\"bg section-bg fill bg-fill  bg-loaded\" >\n\n\t\t\t\n\t\t\t<div class=\"section-bg-overlay absolute fill\"><\/div>\n\t\t\t\n\n\t\t<\/div>\n\n\t\t\n\n\t\t<div class=\"section-content relative\">\n\t\t\t\n\n\t<div id=\"gap-998069987\" class=\"gap-element clearfix\" style=\"display:block; height:auto;\">\n\t\t\n<style>\n#gap-998069987 {\n  padding-top: 60px;\n}\n<\/style>\n\t<\/div>\n\t\n\n\n\t\t<\/div>\n\n\t\t\n<style>\n#section_1396591282 {\n  padding-top: 0px;\n  padding-bottom: 0px;\n}\n#section_1396591282 .section-bg-overlay {\n  background-color: rgb(229, 243, 255);\n}\n#section_1396591282 .ux-shape-divider--top svg {\n  height: 150px;\n  --divider-top-width: 100%;\n}\n#section_1396591282 .ux-shape-divider--bottom svg {\n  height: 150px;\n  --divider-width: 100%;\n}\n<\/style>\n\t<\/section>","protected":false},"excerpt":{"rendered":"","protected":false},"author":1,"featured_media":0,"parent":0,"menu_order":0,"comment_status":"closed","ping_status":"closed","template":"page-transparent-header.php","meta":{"footnotes":""},"class_list":["post-1384","page","type-page","status-publish","hentry"],"yoast_head":"<!-- This site is optimized with the Yoast SEO plugin v27.1.1 - https:\/\/yoast.com\/product\/yoast-seo-wordpress\/ -->\n<title>Cartridge Filling Machine Pre-sales FAQ - AFANCY<\/title>\n<meta name=\"description\" content=\"Here you will have a general after-sales understanding of the cartridge filling machine. If it can not solve your confusion, welcome to contact us.\" \/>\n<meta name=\"robots\" content=\"index, follow, max-snippet:-1, max-image-preview:large, max-video-preview:-1\" \/>\n<link rel=\"canonical\" href=\"https:\/\/afancyvapemachinery.com\/fr\/faq\/\" \/>\n<meta property=\"og:locale\" content=\"fr_FR\" \/>\n<meta property=\"og:type\" content=\"article\" \/>\n<meta property=\"og:title\" content=\"Cartridge Filling Machine Pre-sales FAQ - AFANCY\" \/>\n<meta property=\"og:description\" content=\"Here you will have a general after-sales understanding of the cartridge filling machine. If it can not solve your confusion, welcome to contact us.\" \/>\n<meta property=\"og:url\" content=\"https:\/\/afancyvapemachinery.com\/fr\/faq\/\" \/>\n<meta property=\"og:site_name\" content=\"AFANCY\" \/>\n<meta property=\"article:modified_time\" content=\"2024-06-25T02:27:54+00:00\" \/>\n<meta name=\"twitter:card\" content=\"summary_large_image\" \/>\n<meta name=\"twitter:label1\" content=\"Est. reading time\" \/>\n\t<meta name=\"twitter:data1\" content=\"3 minutes\" \/>\n<script type=\"application\/ld+json\" class=\"yoast-schema-graph\">{\"@context\":\"https:\/\/schema.org\",\"@graph\":[{\"@type\":\"WebPage\",\"@id\":\"https:\/\/afancyvapemachinery.com\/faq\/\",\"url\":\"https:\/\/afancyvapemachinery.com\/faq\/\",\"name\":\"Cartridge Filling Machine Pre-sales FAQ - AFANCY\",\"isPartOf\":{\"@id\":\"https:\/\/afancyvapemachinery.com\/fr\/#website\"},\"datePublished\":\"2023-02-16T01:43:06+00:00\",\"dateModified\":\"2024-06-25T02:27:54+00:00\",\"description\":\"Here you will have a general after-sales understanding of the cartridge filling machine. If it can not solve your confusion, welcome to contact us.\",\"breadcrumb\":{\"@id\":\"https:\/\/afancyvapemachinery.com\/faq\/#breadcrumb\"},\"inLanguage\":\"fr-FR\",\"potentialAction\":[{\"@type\":\"ReadAction\",\"target\":[\"https:\/\/afancyvapemachinery.com\/faq\/\"]}]},{\"@type\":\"BreadcrumbList\",\"@id\":\"https:\/\/afancyvapemachinery.com\/faq\/#breadcrumb\",\"itemListElement\":[{\"@type\":\"ListItem\",\"position\":1,\"name\":\"Home\",\"item\":\"https:\/\/afancyvapemachinery.com\/\"},{\"@type\":\"ListItem\",\"position\":2,\"name\":\"FAQ\"}]},{\"@type\":\"WebSite\",\"@id\":\"https:\/\/afancyvapemachinery.com\/fr\/#website\",\"url\":\"https:\/\/afancyvapemachinery.com\/fr\/\",\"name\":\"AFANCY\",\"description\":\"\",\"potentialAction\":[{\"@type\":\"SearchAction\",\"target\":{\"@type\":\"EntryPoint\",\"urlTemplate\":\"https:\/\/afancyvapemachinery.com\/fr\/?s={search_term_string}\"},\"query-input\":{\"@type\":\"PropertyValueSpecification\",\"valueRequired\":true,\"valueName\":\"search_term_string\"}}],\"inLanguage\":\"fr-FR\"}]}<\/script>\n<!-- \/ Yoast SEO plugin. -->","yoast_head_json":{"title":"FAQ avant-vente des machines de remplissage de cartouches - AFANCY","description":"Ici, vous aurez une compr\u00e9hension g\u00e9n\u00e9rale du service apr\u00e8s-vente de la machine de remplissage de cartouches. Si cela ne peut pas r\u00e9soudre votre confusion, n&#039;h\u00e9sitez pas \u00e0 nous contacter.","robots":{"index":"index","follow":"follow","max-snippet":"max-snippet:-1","max-image-preview":"max-image-preview:large","max-video-preview":"max-video-preview:-1"},"canonical":"https:\/\/afancyvapemachinery.com\/fr\/faq\/","og_locale":"fr_FR","og_type":"article","og_title":"Cartridge Filling Machine Pre-sales FAQ - AFANCY","og_description":"Here you will have a general after-sales understanding of the cartridge filling machine. If it can not solve your confusion, welcome to contact us.","og_url":"https:\/\/afancyvapemachinery.com\/fr\/faq\/","og_site_name":"AFANCY","article_modified_time":"2024-06-25T02:27:54+00:00","twitter_card":"summary_large_image","twitter_misc":{"Est. reading time":"3 minutes"},"schema":{"@context":"https:\/\/schema.org","@graph":[{"@type":"WebPage","@id":"https:\/\/afancyvapemachinery.com\/faq\/","url":"https:\/\/afancyvapemachinery.com\/faq\/","name":"FAQ avant-vente des machines de remplissage de cartouches - AFANCY","isPartOf":{"@id":"https:\/\/afancyvapemachinery.com\/fr\/#website"},"datePublished":"2023-02-16T01:43:06+00:00","dateModified":"2024-06-25T02:27:54+00:00","description":"Ici, vous aurez une compr\u00e9hension g\u00e9n\u00e9rale du service apr\u00e8s-vente de la machine de remplissage de cartouches. Si cela ne peut pas r\u00e9soudre votre confusion, n&#039;h\u00e9sitez pas \u00e0 nous contacter.","breadcrumb":{"@id":"https:\/\/afancyvapemachinery.com\/faq\/#breadcrumb"},"inLanguage":"fr-FR","potentialAction":[{"@type":"ReadAction","target":["https:\/\/afancyvapemachinery.com\/faq\/"]}]},{"@type":"BreadcrumbList","@id":"https:\/\/afancyvapemachinery.com\/faq\/#breadcrumb","itemListElement":[{"@type":"ListItem","position":1,"name":"Home","item":"https:\/\/afancyvapemachinery.com\/"},{"@type":"ListItem","position":2,"name":"FAQ"}]},{"@type":"WebSite","@id":"https:\/\/afancyvapemachinery.com\/fr\/#website","url":"https:\/\/afancyvapemachinery.com\/fr\/","name":"COOL","description":"","potentialAction":[{"@type":"SearchAction","target":{"@type":"EntryPoint","urlTemplate":"https:\/\/afancyvapemachinery.com\/fr\/?s={search_term_string}"},"query-input":{"@type":"PropertyValueSpecification","valueRequired":true,"valueName":"search_term_string"}}],"inLanguage":"fr-FR"}]}},"_links":{"self":[{"href":"https:\/\/afancyvapemachinery.com\/fr\/wp-json\/wp\/v2\/pages\/1384","targetHints":{"allow":["GET"]}}],"collection":[{"href":"https:\/\/afancyvapemachinery.com\/fr\/wp-json\/wp\/v2\/pages"}],"about":[{"href":"https:\/\/afancyvapemachinery.com\/fr\/wp-json\/wp\/v2\/types\/page"}],"author":[{"embeddable":true,"href":"https:\/\/afancyvapemachinery.com\/fr\/wp-json\/wp\/v2\/users\/1"}],"replies":[{"embeddable":true,"href":"https:\/\/afancyvapemachinery.com\/fr\/wp-json\/wp\/v2\/comments?post=1384"}],"version-history":[{"count":67,"href":"https:\/\/afancyvapemachinery.com\/fr\/wp-json\/wp\/v2\/pages\/1384\/revisions"}],"predecessor-version":[{"id":3734,"href":"https:\/\/afancyvapemachinery.com\/fr\/wp-json\/wp\/v2\/pages\/1384\/revisions\/3734"}],"wp:attachment":[{"href":"https:\/\/afancyvapemachinery.com\/fr\/wp-json\/wp\/v2\/media?parent=1384"}],"curies":[{"name":"wp","href":"https:\/\/api.w.org\/{rel}","templated":true}]}}