{"id":4130,"date":"2025-08-01T10:31:51","date_gmt":"2025-08-01T02:31:51","guid":{"rendered":"https:\/\/afancyvapemachinery.com\/?post_type=product&#038;p=4130"},"modified":"2025-08-21T18:17:56","modified_gmt":"2025-08-21T10:17:56","slug":"pfm-06-auto-pre-roll-machine","status":"publish","type":"product","link":"https:\/\/afancyvapemachinery.com\/fr\/product\/pfm-06-auto-pre-roll-machine\/","title":{"rendered":"Machine de pr\u00e9-enroulement automatique de r\u00e9sine PFM-06"},"content":{"rendered":"<section class=\"section\" id=\"section_1490254540\">\n\t\t<div class=\"bg section-bg fill bg-fill  bg-loaded\" >\n\n\t\t\t\n\t\t\t\n\t\t\t\n\n\t\t<\/div>\n\n\t\t\n\n\t\t<div class=\"section-content relative\">\n\t\t\t\n<h3 style=\"text-align: center;\"><a href=\"https:\/\/youtu.be\/omu3Z2-hsLo?si=M19hK8wlfj4yTq14\">Regardez comment le PFM-06 automatise la production de pr\u00e9-rouleaux de cannabis en quelques secondes<\/a><\/h3>\n<div class=\"video video-fit mb\" style=\"padding-top:56.25%;\"><p><iframe loading=\"lazy\" title=\"Machine de remplissage automatique de r\u00e9sine pr\u00e9-roul\u00e9e PFM-06\" width=\"1020\" height=\"574\" src=\"https:\/\/www.youtube.com\/embed\/omu3Z2-hsLo?feature=oembed\" frameborder=\"0\" allow=\"accelerometer; autoplay; clipboard-write; encrypted-media; gyroscope; picture-in-picture; web-share\" referrerpolicy=\"strict-origin-when-cross-origin\" allowfullscreen><\/iframe><\/p>\n<\/div>\n<div class=\"row align-middle\"  id=\"row-583601968\">\n\n\t<div id=\"col-1403334335\" class=\"col small-12 large-12\"  >\n\t\t\t\t<div class=\"col-inner\"  >\n\t\t\t\n\t\t\t\n<h2><span style=\"font-size: 95%;\">Machine automatique de pr\u00e9-enroulement de r\u00e9sine PFM-06 | Remplissage de pr\u00e9cision \u00e0 grande vitesse<\/span><\/h2>\n\t\t<\/div>\n\t\t\t\t\t<\/div>\n\n\t\n<\/div>\n\t<div class=\"img has-hover x md-x lg-x y md-y lg-y\" id=\"image_1718226577\">\n\t\t\t\t\t\t\t\t<div class=\"img-inner image-cover dark\" style=\"padding-top:47%;\">\n\t\t\t<img loading=\"lazy\" decoding=\"async\" width=\"800\" height=\"600\" src=\"https:\/\/afancyvapemachinery.com\/wp-content\/uploads\/2025\/05\/cbd-oil-cart-1-820.webp\" class=\"attachment-large size-large\" alt=\"Chariot d&#039;huile de CBD (1\" srcset=\"https:\/\/afancyvapemachinery.com\/wp-content\/uploads\/2025\/05\/cbd-oil-cart-1-820.webp 800w, https:\/\/afancyvapemachinery.com\/wp-content\/uploads\/2025\/05\/cbd-oil-cart-1-820-300x225.webp 300w, https:\/\/afancyvapemachinery.com\/wp-content\/uploads\/2025\/05\/cbd-oil-cart-1-820-768x576.webp 768w, https:\/\/afancyvapemachinery.com\/wp-content\/uploads\/2025\/05\/cbd-oil-cart-1-820-16x12.webp 16w\" sizes=\"auto, (max-width: 800px) 100vw, 800px\" \/>\t\t\t\t\t\t\t<div class=\"overlay\" style=\"background-color: rgba(2, 2, 2, 0.047)\"><\/div>\n\t\t\t\t\t\t\n\t\t\t\t\t<\/div>\n\t\t\t\t\t\t\t\t\n<style>\n#image_1718226577 {\n  width: 70%;\n}\n<\/style>\n\t<\/div>\n\t\n<div class=\"row\"  id=\"row-63243164\">\n\n\t<div id=\"col-1172387467\" class=\"col small-12 large-12\"  >\n\t\t\t\t<div class=\"col-inner\"  >\n\t\t\t\n\t\t\t\n\t<div id=\"gap-542717703\" class=\"gap-element clearfix\" style=\"display:block; height:auto;\">\n\t\t\n<style>\n#gap-542717703 {\n  padding-top: 22px;\n}\n<\/style>\n\t<\/div>\n\t\n\t\t<\/div>\n\t\t\t\t\t<\/div>\n\n\t\n\n\t<div id=\"col-1664810856\" class=\"col small-12 large-12\"  >\n\t\t\t\t<div class=\"col-inner\"  >\n\t\t\t\n\t\t\t\n<h2>Param\u00e8tres d\u00e9taill\u00e9s de la machine de pr\u00e9-enroulement PFM-06 \u00e0 vendre<\/h2>\n\t\t<\/div>\n\t\t\t\t\t<\/div>\n\n\t\n\n\t<div id=\"col-1637229822\" class=\"col small-12 large-12\"  >\n\t\t\t\t<div class=\"col-inner\"  >\n\t\t\t\n\t\t\t\n<table style=\"height: 482px;\" width=\"533\">\n<tbody>\n<tr>\n<td>Plage de volumes distribu\u00e9s<\/td>\n<td>0,1 ml -1,5 ml<\/td>\n<\/tr>\n<\/tbody>\n<tbody>\n<tr>\n<td>Capacit\u00e9 du r\u00e9servoir d&#039;huile<\/td>\n<td>1300 ml<\/td>\n<\/tr>\n<tr>\n<td>Pr\u00e9cision de distribution<\/td>\n<td>\u00b11%<\/td>\n<\/tr>\n<tr>\n<td>Sortir<\/td>\n<td>2000-3000 pi\u00e8ces par heure<\/td>\n<\/tr>\n<tr>\n<td>Source de courant<\/td>\n<td>\u00a0AC100V-120V;AC200V-240V<\/td>\n<\/tr>\n<tr>\n<td>\u00c9cran du panneau<\/td>\n<td>7 pouces<\/td>\n<\/tr>\n<tr>\n<td>Contr\u00f4le du panneau<\/td>\n<td>\u00c9cran tactile, bouton de commande, syst\u00e8me de remplissage intelligent<\/td>\n<\/tr>\n<tr>\n<td>Caract\u00e9ristiques de l&#039;\u00e9quipement<\/td>\n<td>Machine de remplissage de vape d&#039;huile de CBD version am\u00e9lior\u00e9e.<\/td>\n<\/tr>\n<\/tbody>\n<\/table>\n<h3><strong>Convient aux pr\u00e9-rouleaux de cannabis, \u00e0 la r\u00e9sine vivante, \u00e0 l&#039;huile de CBD, \u00e0 l&#039;huile de THC et aux c\u00f4nes \u00e0 base de plantes.<\/strong><\/h3>\n\t\t<\/div>\n\t\t\t\t\t<\/div>\n\n\t\n<\/div>\n<div class=\"row align-middle\"  id=\"row-673238904\">\n\n\t<div id=\"col-1007033427\" class=\"col small-12 large-12\"  >\n\t\t\t\t<div class=\"col-inner\"  >\n\t\t\t\n\t\t\t\n\t<div id=\"gap-926098074\" class=\"gap-element clearfix\" style=\"display:block; height:auto;\">\n\t\t\n<style>\n#gap-926098074 {\n  padding-top: 22px;\n}\n<\/style>\n\t<\/div>\n\t\n\t\t<\/div>\n\t\t\t\t\t<\/div>\n\n\t\n\n\t<div id=\"col-443162107\" class=\"col medium-6 small-12 large-6\"  >\n\t\t\t\t<div class=\"col-inner\"  >\n\t\t\t\n\t\t\t\n\t<div class=\"img has-hover x md-x lg-x y md-y lg-y\" id=\"image_1599048924\">\n\t\t\t\t\t\t\t\t<div class=\"img-inner image-cover dark\" style=\"padding-top:75%;\">\n\t\t\t<img loading=\"lazy\" decoding=\"async\" width=\"300\" height=\"300\" src=\"https:\/\/afancyvapemachinery.com\/wp-content\/uploads\/2025\/08\/automated-pre-roll-machine-6852-300x300.webp\" class=\"attachment-medium size-medium\" alt=\"Machine de pr\u00e9-enroulement automatis\u00e9e\" srcset=\"https:\/\/afancyvapemachinery.com\/wp-content\/uploads\/2025\/08\/automated-pre-roll-machine-6852-300x300.webp 300w, https:\/\/afancyvapemachinery.com\/wp-content\/uploads\/2025\/08\/automated-pre-roll-machine-6852-80x80.webp 80w, https:\/\/afancyvapemachinery.com\/wp-content\/uploads\/2025\/08\/automated-pre-roll-machine-6852-768x768.webp 768w, https:\/\/afancyvapemachinery.com\/wp-content\/uploads\/2025\/08\/automated-pre-roll-machine-6852-12x12.webp 12w, https:\/\/afancyvapemachinery.com\/wp-content\/uploads\/2025\/08\/automated-pre-roll-machine-6852-500x500.webp 500w, https:\/\/afancyvapemachinery.com\/wp-content\/uploads\/2025\/08\/automated-pre-roll-machine-6852-100x100.webp 100w, https:\/\/afancyvapemachinery.com\/wp-content\/uploads\/2025\/08\/automated-pre-roll-machine-6852.webp 800w\" sizes=\"auto, (max-width: 300px) 100vw, 300px\" \/>\t\t\t\t\t\t\t<div class=\"overlay\" style=\"background-color: rgba(4, 4, 4, 0.041)\"><\/div>\n\t\t\t\t\t\t\n\t\t\t\t\t<\/div>\n\t\t\t\t\t\t\t\t\n<style>\n#image_1599048924 {\n  width: 100%;\n}\n<\/style>\n\t<\/div>\n\t\n\t\t<\/div>\n\t\t\t\t\t<\/div>\n\n\t\n\n\t<div id=\"col-1218986137\" class=\"col medium-6 small-12 large-6\"  >\n\t\t\t\t<div class=\"col-inner\"  >\n\t\t\t\n\t\t\t\n<h3>Machine de pr\u00e9-enroulement automatis\u00e9e PFM-06\u00a0<\/h3>\n\t<div id=\"gap-595957288\" class=\"gap-element clearfix\" style=\"display:block; height:auto;\">\n\t\t\n<style>\n#gap-595957288 {\n  padding-top: 15px;\n}\n<\/style>\n\t<\/div>\n\t\n<ul>\n<li data-start=\"1284\" data-end=\"1333\">\n<p data-start=\"1286\" data-end=\"1333\"><span style=\"font-size: 110%;\">Alliage d&#039;aluminium et acier inoxydable de haute qualit\u00e9<\/span><\/p>\n<\/li>\n<li data-start=\"1336\" data-end=\"1373\">\n<p data-start=\"1338\" data-end=\"1373\"><span style=\"font-size: 110%;\">Assure la durabilit\u00e9 et la s\u00e9curit\u00e9 de l&#039;huile<\/span><\/p>\n<\/li>\n<li data-start=\"1376\" data-end=\"1396\">\n<p data-start=\"1378\" data-end=\"1396\"><span style=\"font-size: 110%;\">Entretien facile<\/span><\/p>\n<\/li>\n<\/ul>\n\t\t<\/div>\n\t\t\t\t\t<\/div>\n\n\t\n<\/div>\n<div class=\"row align-middle\"  id=\"row-1000145611\">\n\n\t<div id=\"col-1345119596\" class=\"col medium-6 small-12 large-6\"  >\n\t\t\t\t<div class=\"col-inner text-left\"  >\n\t\t\t\n\t\t\t\n<h3><span class=\"Y2IQFc\" lang=\"en\">Machine de pr\u00e9-enroulement automatique PFM-06<\/span><\/h3>\n<ul>\n<li>Pour les fabricants de c\u00f4nes pr\u00e9-roul\u00e9s \u00e0 grande \u00e9chelle afin d&#039;augmenter l&#039;efficacit\u00e9 et de r\u00e9duire les co\u00fbts<\/li>\n<li>Interface conviviale pour un param\u00e9trage facile.<\/li>\n<\/ul>\n\t<div id=\"gap-557624463\" class=\"gap-element clearfix\" style=\"display:block; height:auto;\">\n\t\t\n<style>\n#gap-557624463 {\n  padding-top: 15px;\n}\n<\/style>\n\t<\/div>\n\t\n\t\t<\/div>\n\t\t\t\t\t<\/div>\n\n\t\n\n\t<div id=\"col-1976151000\" class=\"col medium-6 small-12 large-6\"  >\n\t\t\t\t<div class=\"col-inner\"  >\n\t\t\t\n\t\t\t\n\t<div class=\"img has-hover x md-x lg-x y md-y lg-y\" id=\"image_2093823624\">\n\t\t\t\t\t\t\t\t<div class=\"img-inner image-cover dark\" style=\"padding-top:75%;\">\n\t\t\t<img loading=\"lazy\" decoding=\"async\" width=\"800\" height=\"800\" src=\"https:\/\/afancyvapemachinery.com\/wp-content\/uploads\/2025\/08\/best-pre-roll-machine-7931.webp\" class=\"attachment-large size-large\" alt=\"Meilleure machine \u00e0 pr\u00e9-rouler\" srcset=\"https:\/\/afancyvapemachinery.com\/wp-content\/uploads\/2025\/08\/best-pre-roll-machine-7931.webp 800w, https:\/\/afancyvapemachinery.com\/wp-content\/uploads\/2025\/08\/best-pre-roll-machine-7931-300x300.webp 300w, https:\/\/afancyvapemachinery.com\/wp-content\/uploads\/2025\/08\/best-pre-roll-machine-7931-80x80.webp 80w, https:\/\/afancyvapemachinery.com\/wp-content\/uploads\/2025\/08\/best-pre-roll-machine-7931-768x768.webp 768w, https:\/\/afancyvapemachinery.com\/wp-content\/uploads\/2025\/08\/best-pre-roll-machine-7931-12x12.webp 12w, https:\/\/afancyvapemachinery.com\/wp-content\/uploads\/2025\/08\/best-pre-roll-machine-7931-500x500.webp 500w, https:\/\/afancyvapemachinery.com\/wp-content\/uploads\/2025\/08\/best-pre-roll-machine-7931-100x100.webp 100w\" sizes=\"auto, (max-width: 800px) 100vw, 800px\" \/>\t\t\t\t\t\t\n\t\t\t\t\t<\/div>\n\t\t\t\t\t\t\t\t\n<style>\n#image_2093823624 {\n  width: 100%;\n}\n<\/style>\n\t<\/div>\n\t\n\t\t<\/div>\n\t\t\t\t\t<\/div>\n\n\t\n<\/div>\n\t\t<\/div>\n\n\t\t\n<style>\n#section_1490254540 {\n  padding-top: 0px;\n  padding-bottom: 0px;\n}\n#section_1490254540 .ux-shape-divider--top svg {\n  height: 150px;\n  --divider-top-width: 100%;\n}\n#section_1490254540 .ux-shape-divider--bottom svg {\n  height: 150px;\n  --divider-width: 100%;\n}\n<\/style>\n\t<\/section>\n\t\n\t<section class=\"section\" id=\"section_1939898160\">\n\t\t<div class=\"bg section-bg fill bg-fill  bg-loaded\" >\n\n\t\t\t\n\t\t\t\n\t\t\t\n\n\t\t<\/div>\n\n\t\t\n\n\t\t<div class=\"section-content relative\">\n\t\t\t\n<div class=\"row\"  id=\"row-186156382\">\n\n\t<div id=\"col-696916302\" class=\"col small-12 large-12\"  >\n\t\t\t\t<div class=\"col-inner text-left\"  >\n\t\t\t\n\t\t\t\n\t<div class=\"img has-hover x md-x lg-x y md-y lg-y\" id=\"image_60974527\">\n\t\t\t\t\t\t\t\t<div class=\"img-inner image-cover dark\" style=\"padding-top:100%;\">\n\t\t\t<img loading=\"lazy\" decoding=\"async\" width=\"800\" height=\"800\" src=\"https:\/\/afancyvapemachinery.com\/wp-content\/uploads\/2025\/08\/infused-pre-roll-machine-1134.webp\" class=\"attachment-large size-large\" alt=\"Machine \u00e0 pr\u00e9-rouler infus\u00e9e\" srcset=\"https:\/\/afancyvapemachinery.com\/wp-content\/uploads\/2025\/08\/infused-pre-roll-machine-1134.webp 800w, https:\/\/afancyvapemachinery.com\/wp-content\/uploads\/2025\/08\/infused-pre-roll-machine-1134-300x300.webp 300w, https:\/\/afancyvapemachinery.com\/wp-content\/uploads\/2025\/08\/infused-pre-roll-machine-1134-80x80.webp 80w, https:\/\/afancyvapemachinery.com\/wp-content\/uploads\/2025\/08\/infused-pre-roll-machine-1134-768x768.webp 768w, https:\/\/afancyvapemachinery.com\/wp-content\/uploads\/2025\/08\/infused-pre-roll-machine-1134-12x12.webp 12w, https:\/\/afancyvapemachinery.com\/wp-content\/uploads\/2025\/08\/infused-pre-roll-machine-1134-500x500.webp 500w, https:\/\/afancyvapemachinery.com\/wp-content\/uploads\/2025\/08\/infused-pre-roll-machine-1134-100x100.webp 100w\" sizes=\"auto, (max-width: 800px) 100vw, 800px\" \/>\t\t\t\t\t\t\t<div class=\"overlay\" style=\"background-color: rgba(2, 2, 2, 0.047)\"><\/div>\n\t\t\t\t\t\t\n\t\t\t\t\t<\/div>\n\t\t\t\t\t\t\t\t\n<style>\n#image_60974527 {\n  width: 70%;\n}\n<\/style>\n\t<\/div>\n\t\n\t<div class=\"img has-hover x md-x lg-x y md-y lg-y\" id=\"image_455530595\">\n\t\t\t\t\t\t\t\t<div class=\"img-inner image-cover dark\" style=\"padding-top:100%;\">\n\t\t\t<img loading=\"lazy\" decoding=\"async\" width=\"800\" height=\"800\" src=\"https:\/\/afancyvapemachinery.com\/wp-content\/uploads\/2025\/08\/futurola-pre-roll-machine-10014.webp\" class=\"attachment-large size-large\" alt=\"Machine \u00e0 pr\u00e9-rouler Futurola\" srcset=\"https:\/\/afancyvapemachinery.com\/wp-content\/uploads\/2025\/08\/futurola-pre-roll-machine-10014.webp 800w, https:\/\/afancyvapemachinery.com\/wp-content\/uploads\/2025\/08\/futurola-pre-roll-machine-10014-300x300.webp 300w, https:\/\/afancyvapemachinery.com\/wp-content\/uploads\/2025\/08\/futurola-pre-roll-machine-10014-80x80.webp 80w, https:\/\/afancyvapemachinery.com\/wp-content\/uploads\/2025\/08\/futurola-pre-roll-machine-10014-768x768.webp 768w, https:\/\/afancyvapemachinery.com\/wp-content\/uploads\/2025\/08\/futurola-pre-roll-machine-10014-12x12.webp 12w, https:\/\/afancyvapemachinery.com\/wp-content\/uploads\/2025\/08\/futurola-pre-roll-machine-10014-500x500.webp 500w, https:\/\/afancyvapemachinery.com\/wp-content\/uploads\/2025\/08\/futurola-pre-roll-machine-10014-100x100.webp 100w\" sizes=\"auto, (max-width: 800px) 100vw, 800px\" \/>\t\t\t\t\t\t\t<div class=\"overlay\" style=\"background-color: rgba(2, 2, 2, 0.047)\"><\/div>\n\t\t\t\t\t\t\n\t\t\t\t\t<\/div>\n\t\t\t\t\t\t\t\t\n<style>\n#image_455530595 {\n  width: 70%;\n}\n<\/style>\n\t<\/div>\n\t\n\t\t<\/div>\n\t\t\t\t\t<\/div>\n\n\t\n<\/div>\n\t\t<\/div>\n\n\t\t\n<style>\n#section_1939898160 {\n  padding-top: 30px;\n  padding-bottom: 30px;\n}\n#section_1939898160 .ux-shape-divider--top svg {\n  height: 150px;\n  --divider-top-width: 100%;\n}\n#section_1939898160 .ux-shape-divider--bottom svg {\n  height: 150px;\n  --divider-width: 100%;\n}\n<\/style>\n\t<\/section>\n\t\n<h2>quelle est la meilleure machine pr\u00e9-roul\u00e9e ?<\/h2>\n<p>En voyant la machine \u00e0 pr\u00e9-rouler \u00e9lectrique PFM-06, vous comprendrez tout. C&#039;est une machine \u00e0 pr\u00e9-rouler. Apr\u00e8s le pr\u00e9-roulage, elle infuse du CBD, du THC et de l&#039;huile de r\u00e9sine vivante.<\/p>\n<p>Ainsi, le PFM-06 est diff\u00e9rent de la machine de pr\u00e9-enroulement King Kone et de la machine de pr\u00e9-enroulement Apehex, de la machine de pr\u00e9-enroulement \u00e0 vibrations, etc.<\/p>","protected":false},"excerpt":{"rendered":"<h3>Machine de remplissage de pr\u00e9cision \u00e0 grande vitesse pour pr\u00e9-rouleaux de r\u00e9sine vivante et de CBD<\/h3>\n<p>Niveau d&#039;automatisation : auto<br \/>\nPlage de dosage : 0,1 ml \u00e0 1,5 ml<br \/>\nCapacit\u00e9 du r\u00e9servoir d&#039;huile : 1300 ml<span data-mce-type=\"bookmark\" style=\"display: inline-block; width: 0px; overflow: hidden; line-height: 0;\" class=\"mce_SELRES_start\"><\/span><br \/>\nPr\u00e9cision de distribution\u00a0: 1%<br \/>\nEfficacit\u00e9 du travail : 2000-3000 pi\u00e8ces par heure<br \/>\nAlimentation\u00a0: AC100V-120V\u00a0;AC200V-240V<\/p>\n<p><strong><span style=\"color: #3366ff;\">Caract\u00e9ristique cl\u00e9:<\/span><\/strong><br \/>\n<strong>\u26a1 Production \u00e0 grande vitesse de 2\u00a0000 pi\u00e8ces\/heure<br \/>\n\ud83c\udfaf Pr\u00e9cision de remplissage \u00b11%<br \/>\n\ud83c\udf31 Compatible avec la r\u00e9sine vivante<br \/>\n\ud83d\udd27 Contr\u00f4le intelligent par \u00e9cran tactile<\/strong><\/p>","protected":false},"featured_media":4132,"comment_status":"closed","ping_status":"closed","template":"","meta":[],"product_cat":[62,59,15],"product_tag":[],"class_list":["post-4130","product","type-product","status-publish","has-post-thumbnail","hentry","product_cat-live-rosin-concentrate-dispenser","product_cat-disposable-vape-filling-machine","product_cat-pre-rolled-cone-filling-machines"],"yoast_head":"<!-- This site is optimized with the Yoast SEO plugin v27.1.1 - https:\/\/yoast.com\/product\/yoast-seo-wordpress\/ -->\n<title>PFM-06 Auto Live Resin Pre Roll Machine | High - Speed &amp; Precise<\/title>\n<meta name=\"description\" content=\"PFM-06 Auto Live Resin Pre Roll Machine: High - speed and large scale for filling CBD, THC, Live Rosin Oil. Easy to Operate.Ideal for Cannabis Producers.\" \/>\n<meta name=\"robots\" content=\"index, follow, max-snippet:-1, max-image-preview:large, max-video-preview:-1\" \/>\n<link rel=\"canonical\" href=\"https:\/\/afancyvapemachinery.com\/fr\/product\/pfm-06-auto-pre-roll-machine\/\" \/>\n<meta property=\"og:locale\" content=\"fr_FR\" \/>\n<meta property=\"og:type\" content=\"article\" \/>\n<meta property=\"og:title\" content=\"PFM-06 Auto Live Resin Pre Roll Machine | High - Speed &amp; Precise\" \/>\n<meta property=\"og:description\" content=\"PFM-06 Auto Live Resin Pre Roll Machine: High - speed and large scale for filling CBD, THC, Live Rosin Oil. Easy to Operate.Ideal for Cannabis Producers.\" \/>\n<meta property=\"og:url\" content=\"https:\/\/afancyvapemachinery.com\/fr\/product\/pfm-06-auto-pre-roll-machine\/\" \/>\n<meta property=\"og:site_name\" content=\"AFANCY\" \/>\n<meta property=\"article:modified_time\" content=\"2025-08-21T10:17:56+00:00\" \/>\n<meta property=\"og:image\" content=\"http:\/\/afancyvapemachinery.com\/wp-content\/uploads\/2025\/08\/auto-pre-roll-machine-2-2456.webp\" \/>\n\t<meta property=\"og:image:width\" content=\"800\" \/>\n\t<meta property=\"og:image:height\" content=\"800\" \/>\n\t<meta property=\"og:image:type\" content=\"image\/webp\" \/>\n<meta name=\"twitter:card\" content=\"summary_large_image\" \/>\n<meta name=\"twitter:label1\" content=\"Est. reading time\" \/>\n\t<meta name=\"twitter:data1\" content=\"2 minutes\" \/>\n<script type=\"application\/ld+json\" class=\"yoast-schema-graph\">{\"@context\":\"https:\/\/schema.org\",\"@graph\":[{\"@type\":\"WebPage\",\"@id\":\"https:\/\/afancyvapemachinery.com\/product\/pfm-06-auto-pre-roll-machine\/\",\"url\":\"https:\/\/afancyvapemachinery.com\/product\/pfm-06-auto-pre-roll-machine\/\",\"name\":\"PFM-06 Auto Live Resin Pre Roll Machine | High - Speed & Precise\",\"isPartOf\":{\"@id\":\"https:\/\/afancyvapemachinery.com\/fr\/#website\"},\"primaryImageOfPage\":{\"@id\":\"https:\/\/afancyvapemachinery.com\/product\/pfm-06-auto-pre-roll-machine\/#primaryimage\"},\"image\":{\"@id\":\"https:\/\/afancyvapemachinery.com\/product\/pfm-06-auto-pre-roll-machine\/#primaryimage\"},\"thumbnailUrl\":\"https:\/\/afancyvapemachinery.com\/wp-content\/uploads\/2025\/08\/auto-pre-roll-machine-2-2456.webp\",\"datePublished\":\"2025-08-01T02:31:51+00:00\",\"dateModified\":\"2025-08-21T10:17:56+00:00\",\"description\":\"PFM-06 Auto Live Resin Pre Roll Machine: High - speed and large scale for filling CBD, THC, Live Rosin Oil. Easy to Operate.Ideal for Cannabis Producers.\",\"breadcrumb\":{\"@id\":\"https:\/\/afancyvapemachinery.com\/product\/pfm-06-auto-pre-roll-machine\/#breadcrumb\"},\"inLanguage\":\"fr-FR\",\"potentialAction\":[{\"@type\":\"ReadAction\",\"target\":[\"https:\/\/afancyvapemachinery.com\/product\/pfm-06-auto-pre-roll-machine\/\"]}]},{\"@type\":\"ImageObject\",\"inLanguage\":\"fr-FR\",\"@id\":\"https:\/\/afancyvapemachinery.com\/product\/pfm-06-auto-pre-roll-machine\/#primaryimage\",\"url\":\"https:\/\/afancyvapemachinery.com\/wp-content\/uploads\/2025\/08\/auto-pre-roll-machine-2-2456.webp\",\"contentUrl\":\"https:\/\/afancyvapemachinery.com\/wp-content\/uploads\/2025\/08\/auto-pre-roll-machine-2-2456.webp\",\"width\":800,\"height\":800,\"caption\":\"Auto Pre Roll Machine (2)\"},{\"@type\":\"BreadcrumbList\",\"@id\":\"https:\/\/afancyvapemachinery.com\/product\/pfm-06-auto-pre-roll-machine\/#breadcrumb\",\"itemListElement\":[{\"@type\":\"ListItem\",\"position\":1,\"name\":\"Home\",\"item\":\"https:\/\/afancyvapemachinery.com\/\"},{\"@type\":\"ListItem\",\"position\":2,\"name\":\"products\",\"item\":\"https:\/\/afancyvapemachinery.com\/automatic-vape-cartridge-filling-machine\/\"},{\"@type\":\"ListItem\",\"position\":3,\"name\":\"PFM-06 Auto Live Resin Pre Roll Machine\"}]},{\"@type\":\"WebSite\",\"@id\":\"https:\/\/afancyvapemachinery.com\/fr\/#website\",\"url\":\"https:\/\/afancyvapemachinery.com\/fr\/\",\"name\":\"AFANCY\",\"description\":\"\",\"potentialAction\":[{\"@type\":\"SearchAction\",\"target\":{\"@type\":\"EntryPoint\",\"urlTemplate\":\"https:\/\/afancyvapemachinery.com\/fr\/?s={search_term_string}\"},\"query-input\":{\"@type\":\"PropertyValueSpecification\",\"valueRequired\":true,\"valueName\":\"search_term_string\"}}],\"inLanguage\":\"fr-FR\"}]}<\/script>\n<!-- \/ Yoast SEO plugin. -->","yoast_head_json":{"title":"Machine de pr\u00e9-enroulement automatique de r\u00e9sine PFM-06 | Rapide et pr\u00e9cise","description":"Machine de pr\u00e9-enroulement automatique de r\u00e9sine vivante PFM-06\u00a0: haute vitesse et grande capacit\u00e9 pour le remplissage de CBD, de THC et d&#039;huile de colophane vivante. Facile \u00e0 utiliser. Id\u00e9ale pour les producteurs de cannabis.","robots":{"index":"index","follow":"follow","max-snippet":"max-snippet:-1","max-image-preview":"max-image-preview:large","max-video-preview":"max-video-preview:-1"},"canonical":"https:\/\/afancyvapemachinery.com\/fr\/product\/pfm-06-auto-pre-roll-machine\/","og_locale":"fr_FR","og_type":"article","og_title":"PFM-06 Auto Live Resin Pre Roll Machine | High - Speed & Precise","og_description":"PFM-06 Auto Live Resin Pre Roll Machine: High - speed and large scale for filling CBD, THC, Live Rosin Oil. Easy to Operate.Ideal for Cannabis Producers.","og_url":"https:\/\/afancyvapemachinery.com\/fr\/product\/pfm-06-auto-pre-roll-machine\/","og_site_name":"AFANCY","article_modified_time":"2025-08-21T10:17:56+00:00","og_image":[{"width":800,"height":800,"url":"http:\/\/afancyvapemachinery.com\/wp-content\/uploads\/2025\/08\/auto-pre-roll-machine-2-2456.webp","type":"image\/webp"}],"twitter_card":"summary_large_image","twitter_misc":{"Est. reading time":"2 minutes"},"schema":{"@context":"https:\/\/schema.org","@graph":[{"@type":"WebPage","@id":"https:\/\/afancyvapemachinery.com\/product\/pfm-06-auto-pre-roll-machine\/","url":"https:\/\/afancyvapemachinery.com\/product\/pfm-06-auto-pre-roll-machine\/","name":"Machine de pr\u00e9-enroulement automatique de r\u00e9sine PFM-06 | Rapide et pr\u00e9cise","isPartOf":{"@id":"https:\/\/afancyvapemachinery.com\/fr\/#website"},"primaryImageOfPage":{"@id":"https:\/\/afancyvapemachinery.com\/product\/pfm-06-auto-pre-roll-machine\/#primaryimage"},"image":{"@id":"https:\/\/afancyvapemachinery.com\/product\/pfm-06-auto-pre-roll-machine\/#primaryimage"},"thumbnailUrl":"https:\/\/afancyvapemachinery.com\/wp-content\/uploads\/2025\/08\/auto-pre-roll-machine-2-2456.webp","datePublished":"2025-08-01T02:31:51+00:00","dateModified":"2025-08-21T10:17:56+00:00","description":"Machine de pr\u00e9-enroulement automatique de r\u00e9sine vivante PFM-06\u00a0: haute vitesse et grande capacit\u00e9 pour le remplissage de CBD, de THC et d&#039;huile de colophane vivante. Facile \u00e0 utiliser. Id\u00e9ale pour les producteurs de cannabis.","breadcrumb":{"@id":"https:\/\/afancyvapemachinery.com\/product\/pfm-06-auto-pre-roll-machine\/#breadcrumb"},"inLanguage":"fr-FR","potentialAction":[{"@type":"ReadAction","target":["https:\/\/afancyvapemachinery.com\/product\/pfm-06-auto-pre-roll-machine\/"]}]},{"@type":"ImageObject","inLanguage":"fr-FR","@id":"https:\/\/afancyvapemachinery.com\/product\/pfm-06-auto-pre-roll-machine\/#primaryimage","url":"https:\/\/afancyvapemachinery.com\/wp-content\/uploads\/2025\/08\/auto-pre-roll-machine-2-2456.webp","contentUrl":"https:\/\/afancyvapemachinery.com\/wp-content\/uploads\/2025\/08\/auto-pre-roll-machine-2-2456.webp","width":800,"height":800,"caption":"Auto Pre Roll Machine (2)"},{"@type":"BreadcrumbList","@id":"https:\/\/afancyvapemachinery.com\/product\/pfm-06-auto-pre-roll-machine\/#breadcrumb","itemListElement":[{"@type":"ListItem","position":1,"name":"Home","item":"https:\/\/afancyvapemachinery.com\/"},{"@type":"ListItem","position":2,"name":"products","item":"https:\/\/afancyvapemachinery.com\/automatic-vape-cartridge-filling-machine\/"},{"@type":"ListItem","position":3,"name":"PFM-06 Auto Live Resin Pre Roll Machine"}]},{"@type":"WebSite","@id":"https:\/\/afancyvapemachinery.com\/fr\/#website","url":"https:\/\/afancyvapemachinery.com\/fr\/","name":"COOL","description":"","potentialAction":[{"@type":"SearchAction","target":{"@type":"EntryPoint","urlTemplate":"https:\/\/afancyvapemachinery.com\/fr\/?s={search_term_string}"},"query-input":{"@type":"PropertyValueSpecification","valueRequired":true,"valueName":"search_term_string"}}],"inLanguage":"fr-FR"}]}},"_links":{"self":[{"href":"https:\/\/afancyvapemachinery.com\/fr\/wp-json\/wp\/v2\/product\/4130","targetHints":{"allow":["GET"]}}],"collection":[{"href":"https:\/\/afancyvapemachinery.com\/fr\/wp-json\/wp\/v2\/product"}],"about":[{"href":"https:\/\/afancyvapemachinery.com\/fr\/wp-json\/wp\/v2\/types\/product"}],"replies":[{"embeddable":true,"href":"https:\/\/afancyvapemachinery.com\/fr\/wp-json\/wp\/v2\/comments?post=4130"}],"wp:featuredmedia":[{"embeddable":true,"href":"https:\/\/afancyvapemachinery.com\/fr\/wp-json\/wp\/v2\/media\/4132"}],"wp:attachment":[{"href":"https:\/\/afancyvapemachinery.com\/fr\/wp-json\/wp\/v2\/media?parent=4130"}],"wp:term":[{"taxonomy":"product_cat","embeddable":true,"href":"https:\/\/afancyvapemachinery.com\/fr\/wp-json\/wp\/v2\/product_cat?post=4130"},{"taxonomy":"product_tag","embeddable":true,"href":"https:\/\/afancyvapemachinery.com\/fr\/wp-json\/wp\/v2\/product_tag?post=4130"}],"curies":[{"name":"wp","href":"https:\/\/api.w.org\/{rel}","templated":true}]}}