{"id":4444,"date":"2026-05-02T11:16:35","date_gmt":"2026-05-02T03:16:35","guid":{"rendered":"https:\/\/afancyvapemachinery.com\/?post_type=product&#038;p=4444"},"modified":"2026-05-03T22:17:05","modified_gmt":"2026-05-03T14:17:05","slug":"cfm-03-cartridge-filling-and-capping-machine","status":"publish","type":"product","link":"https:\/\/afancyvapemachinery.com\/fr\/product\/cfm-03-cartridge-filling-and-capping-machine\/","title":{"rendered":"Machine de remplissage et de bouchage de cartouches CFM-03"},"content":{"rendered":"<section class=\"section\" id=\"section_2069573419\">\n\t\t<div class=\"bg section-bg fill bg-fill  bg-loaded\" >\n\n\t\t\t\n\t\t\t\n\t\t\t\n\n\t\t<\/div>\n\n\t\t\n\n\t\t<div class=\"section-content relative\">\n\t\t\t\n<div class=\"row\"  id=\"row-1982214633\">\n\n\t<div id=\"col-206301116\" class=\"col small-12 large-12\"  >\n\t\t\t\t<div class=\"col-inner\"  >\n\t\t\t\n\t\t\t\n<h2>Machine de remplissage et de bouchage de cartouches CFM-03\u00a0<\/h2>\n<p class=\"product-intro\">La CFM-03 est con\u00e7ue pour g\u00e9rer \u00e0 la fois le remplissage et le bouchage dans un flux de travail continu, r\u00e9duisant ainsi les \u00e9tapes de manipulation et am\u00e9liorant la r\u00e9gularit\u00e9 globale de la production.<\/p>\n<p>Il fonctionne avec les cartouches standard 510 et les formats similaires. Il assure un remplissage stable des huiles \u00e0 haute viscosit\u00e9, ainsi qu&#039;une force de bouchage contr\u00f4l\u00e9e pour une \u00e9tanch\u00e9it\u00e9 fiable.<\/p>\n<p>Pour les op\u00e9rations n\u00e9cessitant un rendement constant, le CFM-03 constitue une \u00e9tape pratique vers la production automatis\u00e9e de cartouches.<\/p>\n<p><a href=\"https:\/\/afancyvapemachinery.com\/fr\/contact\/\">\ud83d\udce9 Contactez notre \u00e9quipe pour discuter du type de cartouche, du volume de remplissage et de la capacit\u00e9 de production.<\/a><\/p>\n\t\t<\/div>\n\t\t\t\t\t<\/div>\n\n\t\n<\/div>\n<div class=\"row align-middle\"  id=\"row-1771569799\">\n\n\t<div id=\"col-451712571\" class=\"col small-12 large-12\"  >\n\t\t\t\t<div class=\"col-inner\"  >\n\t\t\t\n\t\t\t\n<h2>CFM-03 dans la production de cartouches<\/h2>\n<p>Cette vid\u00e9o montre le CFM-03 effectuant un processus complet de remplissage et de bouchage dans un seul syst\u00e8me.<\/p>\n<p>Du remplissage au bouchage final, chaque \u00e9tape est g\u00e9r\u00e9e dans un flux de travail unique, ce qui permet de gagner du temps et d&#039;am\u00e9liorer la r\u00e9gularit\u00e9 de la production quotidienne.<\/p>\n<div class=\"video video-fit mb\" style=\"padding-top:56.25%;\"><p>https:\/\/www.youtube.com\/watch?v=EvRwILHemMs<\/p>\n<\/div>\n\t\t<\/div>\n\t\t\t\t\t<\/div>\n\n\t\n<\/div>\n<div class=\"row\"  id=\"row-875079164\">\n\n\t<div id=\"col-1282321035\" class=\"col small-12 large-12\"  >\n\t\t\t\t<div class=\"col-inner\"  >\n\t\t\t\n\t\t\t\n\t<div class=\"img has-hover x md-x lg-x y md-y lg-y\" id=\"image_617106376\">\n\t\t\t\t\t\t\t\t<div class=\"img-inner dark\" >\n\t\t\t<img loading=\"lazy\" decoding=\"async\" width=\"800\" height=\"400\" src=\"https:\/\/afancyvapemachinery.com\/wp-content\/uploads\/2026\/05\/cfm-03-cartridge-filling-capping-machine-3561.webp\" class=\"attachment-large size-large\" alt=\"Machine de remplissage et de capsulage de cartouches CFM 03\" srcset=\"https:\/\/afancyvapemachinery.com\/wp-content\/uploads\/2026\/05\/cfm-03-cartridge-filling-capping-machine-3561.webp 800w, https:\/\/afancyvapemachinery.com\/wp-content\/uploads\/2026\/05\/cfm-03-cartridge-filling-capping-machine-3561-300x150.webp 300w, https:\/\/afancyvapemachinery.com\/wp-content\/uploads\/2026\/05\/cfm-03-cartridge-filling-capping-machine-3561-768x384.webp 768w, https:\/\/afancyvapemachinery.com\/wp-content\/uploads\/2026\/05\/cfm-03-cartridge-filling-capping-machine-3561-18x9.webp 18w\" sizes=\"auto, (max-width: 800px) 100vw, 800px\" \/>\t\t\t\t\t\t\n\t\t\t\t\t<\/div>\n\t\t\t\t\t\t\t\t\n<style>\n#image_617106376 {\n  width: 100%;\n}\n<\/style>\n\t<\/div>\n\t\n\t\t<\/div>\n\t\t\t\t\t<\/div>\n\n\t\n<\/div>\n<div class=\"row\"  id=\"row-1506328266\">\n\n\t<div id=\"col-491524618\" class=\"col small-12 large-12\"  >\n\t\t\t\t<div class=\"col-inner\"  >\n\t\t\t\n\t\t\t\n<h2>CFM-03 \u2013 Sp\u00e9cifications techniques<\/h2>\n<p>Les sp\u00e9cifications sont donn\u00e9es \u00e0 titre indicatif. La configuration d\u00e9pend de l&#039;application.<\/p>\n<table border=\"0\" width=\"514\">\n<tbody>\n<tr style=\"background-color: #e6e6e6;\">\n<td width=\"143\">Type de travail<\/td>\n<td width=\"371\">Automatique<\/td>\n<\/tr>\n<tr>\n<td>Produits compatibles<\/td>\n<td>cartouches 510\u00a0<\/td>\n<\/tr>\n<tr style=\"background-color: #e6e6e6;\">\n<td>Voie de capitonnage<\/td>\n<td>Capuchonnage motoris\u00e9<\/td>\n<\/tr>\n<tr>\n<td>Remplissage<\/td>\n<td>Remplissage motoris\u00e9<\/td>\n<\/tr>\n<tr style=\"background-color: #e6e6e6;\">\n<td>Source de courant<\/td>\n<td>CA 110V \/ 220V (60Hz)<\/td>\n<\/tr>\n<tr>\n<td>Type d&#039;op\u00e9ration<\/td>\n<td>Syst\u00e8me de contr\u00f4le \u00e0 \u00e9cran tactile et automate programmable<\/td>\n<\/tr>\n<tr style=\"background-color: #e6e6e6;\">\n<td>Capacit\u00e9 de la cartouche 510<\/td>\n<td>0,5 mL \/ 1 mL \/ 2 mL \/ 3 mL<\/td>\n<\/tr>\n<tr>\n<td>Dimensions de la machine<\/td>\n<td>800*850*1350 mm (31,5*33,5*53 pouces)<\/td>\n<\/tr>\n<tr style=\"background-color: #e6e6e6;\">\n<td>Poids net<\/td>\n<td>300 kg (660 lbs)<\/td>\n<\/tr>\n<\/tbody>\n<\/table>\n<p>Adaptable \u00e0 diff\u00e9rents mod\u00e8les de cartouches et exigences de production.<\/p>\n\t\t<\/div>\n\t\t\t\t\t<\/div>\n\n\t\n<\/div>\n<div class=\"row align-middle\"  id=\"row-1009918143\">\n\n\t<div id=\"col-1472628541\" class=\"col small-12 large-12\"  >\n\t\t\t\t<div class=\"col-inner\"  >\n\t\t\t\n\t\t\t\n<h2>Pourquoi choisir le CFM-03<\/h2>\n<h3>Con\u00e7u pour une production quotidienne stable<\/h3>\n<p>Le CFM-03 est con\u00e7u pour maintenir une production stable sur de longues p\u00e9riodes, sans r\u00e9glages fr\u00e9quents ni intervention de l&#039;op\u00e9rateur.<\/p>\n<p>Elle accepte les cartouches 510, assurant un niveau de remplissage uniforme et un remplissage s\u00e9curis\u00e9 m\u00eame apr\u00e8s plusieurs cycles. Ceci est particuli\u00e8rement important lors de l&#039;utilisation de mat\u00e9riaux \u00e9pais n\u00e9cessitant un mouvement r\u00e9gulier et une pression contr\u00f4l\u00e9e.<\/p>\n<p>Envoyez-nous les sp\u00e9cifications de vos cartouches et votre objectif de production journalier. Nous vous aiderons \u00e0 v\u00e9rifier si cette configuration correspond \u00e0 vos besoins.<\/p>\n\t\t<\/div>\n\t\t\t\t\n<style>\n#col-1472628541 > .col-inner {\n  padding: 0 0px 0px 0px;\n}\n<\/style>\n\t<\/div>\n\n\t\n\n\t<div id=\"col-324745374\" class=\"col small-12 large-12\"  >\n\t\t\t\t<div class=\"col-inner\"  >\n\t\t\t\n\t\t\t\n<div class=\"row row-collapse row-full-width\"  id=\"row-1659951063\">\n\n\t<div id=\"col-1417317359\" class=\"col large-12\"  >\n\t\t\t\t<div class=\"col-inner\"  >\n\t\t\t\n\t\t\t\n\t<div class=\"img has-hover x md-x lg-x y md-y lg-y\" id=\"image_1531987605\">\n\t\t\t\t\t\t\t\t<div class=\"img-inner image-cover dark\" style=\"padding-top:100%;\">\n\t\t\t<img loading=\"lazy\" decoding=\"async\" width=\"800\" height=\"800\" src=\"https:\/\/afancyvapemachinery.com\/wp-content\/uploads\/2026\/05\/510-cartridge-filling-and-capping-machine-3843.webp\" class=\"attachment-large size-large\" alt=\"Machine de remplissage et de bouchage de cartouches 510 pour la production automatis\u00e9e\" srcset=\"https:\/\/afancyvapemachinery.com\/wp-content\/uploads\/2026\/05\/510-cartridge-filling-and-capping-machine-3843.webp 800w, https:\/\/afancyvapemachinery.com\/wp-content\/uploads\/2026\/05\/510-cartridge-filling-and-capping-machine-3843-300x300.webp 300w, https:\/\/afancyvapemachinery.com\/wp-content\/uploads\/2026\/05\/510-cartridge-filling-and-capping-machine-3843-80x80.webp 80w, https:\/\/afancyvapemachinery.com\/wp-content\/uploads\/2026\/05\/510-cartridge-filling-and-capping-machine-3843-768x768.webp 768w, https:\/\/afancyvapemachinery.com\/wp-content\/uploads\/2026\/05\/510-cartridge-filling-and-capping-machine-3843-12x12.webp 12w, https:\/\/afancyvapemachinery.com\/wp-content\/uploads\/2026\/05\/510-cartridge-filling-and-capping-machine-3843-500x500.webp 500w, https:\/\/afancyvapemachinery.com\/wp-content\/uploads\/2026\/05\/510-cartridge-filling-and-capping-machine-3843-100x100.webp 100w\" sizes=\"auto, (max-width: 800px) 100vw, 800px\" \/>\t\t\t\t\t\t\n\t\t\t\t\t<\/div>\n\t\t\t\t\t\t\t\t\n<style>\n#image_1531987605 {\n  width: 100%;\n}\n<\/style>\n\t<\/div>\n\t\n\t\t<\/div>\n\t\t\t\t\t<\/div>\n\n\t\n<\/div>\n\t\t<\/div>\n\t\t\t\t\n<style>\n#col-324745374 > .col-inner {\n  padding: 0 0px 0px 0px;\n}\n<\/style>\n\t<\/div>\n\n\t\n<\/div>\n<h2>FAQ CFM-03<\/h2>\n\t\t<\/div>\n\n\t\t\n<style>\n#section_2069573419 {\n  padding-top: 0px;\n  padding-bottom: 0px;\n}\n#section_2069573419 .ux-shape-divider--top svg {\n  height: 150px;\n  --divider-top-width: 100%;\n}\n#section_2069573419 .ux-shape-divider--bottom svg {\n  height: 150px;\n  --divider-width: 100%;\n}\n<\/style>\n\t<\/section>\n\t\n<div class=\"accordion\" rel=\"\">\n<div class=\"accordion-item\"><a href=\"#\" class=\"accordion-title plain\"><button class=\"toggle\" aria-label=\"Basculer\"><i class=\"icon-angle-down\"><\/i><\/button><span>1. Quels types de cartouches prend-il en charge ?<\/span><\/a><div class=\"accordion-inner\">\n<p>Cartouches standard 510 et formats similaires.<\/p>\n<\/div><\/div>\n<div class=\"accordion-item\"><a href=\"#\" class=\"accordion-title plain\"><button class=\"toggle\" aria-label=\"Basculer\"><i class=\"icon-angle-down\"><\/i><\/button><span>2. Peut-il traiter des mat\u00e9riaux \u00e0 haute viscosit\u00e9 ?<\/span><\/a><div class=\"accordion-inner\">\n<p>Oui. Le syst\u00e8me est con\u00e7u pour assurer un remplissage stable avec des mat\u00e9riaux plus \u00e9pais.<\/p>\n<\/div><\/div>\n<div class=\"accordion-item\"><a href=\"#\" class=\"accordion-title plain\"><button class=\"toggle\" aria-label=\"Basculer\"><i class=\"icon-angle-down\"><\/i><\/button><span>3. Qui utilise g\u00e9n\u00e9ralement ce syst\u00e8me ?<\/span><\/a><div class=\"accordion-inner\">\n<p>Les fabricants qui souhaitent passer d&#039;une production manuelle ou semi-automatique \u00e0 une configuration plus contr\u00f4l\u00e9e.<\/p>\n<\/div><\/div>\n<\/div>\n<h4>Indiquez-nous le type de votre cartouche, son volume de remplissage et votre d\u00e9bit journalier.<br \/>Nous vous confirmerons si le CFM-03 convient \u00e0 votre configuration et vous communiquerons le prix et le d\u00e9lai de livraison.<\/h4>","protected":false},"excerpt":{"rendered":"<h3>Sp\u00e9cifications techniques<\/h3>\n<ul>\n<li>Longueur des cartouches de vape 510 compatibles\u00a0: 5 mm \u00e0 100 mm<\/li>\n<li>Volume de remplissage : 0,2 ml \u00e0 2 ml<\/li>\n<li>Taille de l&#039;\u00e9cran : 7 pouces<\/li>\n<li>Rendement : 1500 \u00e0 3000 pi\u00e8ces par heure<\/li>\n<li>Alimentation \u00e9lectrique : CA 110 V \/ 220 V (50 Hz)<\/li>\n<\/ul>\n<h3 style=\"color: #000;\">Points forts<\/h3>\n<ul style=\"color: #000;\">\n<li>La CFM-03 est une machine automatique de remplissage et de bouchage de cartouches 510 con\u00e7ue pour une production constante et \u00e0 haut rendement.<\/li>\n<li>En combinant le remplissage et le bouchage dans un seul syst\u00e8me, il r\u00e9duit la manutention manuelle, am\u00e9liore la stabilit\u00e9 de la production et contribue \u00e0 maintenir des r\u00e9sultats reproductibles d&#039;un lot \u00e0 l&#039;autre.<\/li>\n<\/ul>","protected":false},"featured_media":4448,"comment_status":"closed","ping_status":"closed","template":"","meta":[],"product_cat":[47,55,56,57,48,53,54],"product_tag":[],"class_list":["post-4444","product","type-product","status-publish","has-post-thumbnail","hentry","product_cat-cartridge-filling-machine","product_cat-semi-automatic-cartridge-filling-machine","product_cat-automatic-vape-cartridge-filling-machine","product_cat-full-automatic-cartridge-filling-machine","product_cat-cartridge-capping-machine","product_cat-vape-cartridge-capping-machine","product_cat-full-automatic-cartridge-capping-machine"],"yoast_head":"<!-- This site is optimized with the Yoast SEO plugin v27.1.1 - https:\/\/yoast.com\/product\/yoast-seo-wordpress\/ -->\n<title>CFM-03 510 Cartridge Filling and Capping Machine<\/title>\n<meta name=\"description\" content=\"Built for consistent cartridge production, the CFM-03 combines filling&amp;capping in one system. Suitable for 510 cartridges.\" \/>\n<meta name=\"robots\" content=\"index, follow, max-snippet:-1, max-image-preview:large, max-video-preview:-1\" \/>\n<link rel=\"canonical\" href=\"https:\/\/afancyvapemachinery.com\/fr\/product\/cfm-03-cartridge-filling-and-capping-machine\/\" \/>\n<meta property=\"og:locale\" content=\"fr_FR\" \/>\n<meta property=\"og:type\" content=\"article\" \/>\n<meta property=\"og:title\" content=\"CFM-03 510 Cartridge Filling and Capping Machine\" \/>\n<meta property=\"og:description\" content=\"Built for consistent cartridge production, the CFM-03 combines filling&amp;capping in one system. Suitable for 510 cartridges.\" \/>\n<meta property=\"og:url\" content=\"https:\/\/afancyvapemachinery.com\/fr\/product\/cfm-03-cartridge-filling-and-capping-machine\/\" \/>\n<meta property=\"og:site_name\" content=\"AFANCY\" \/>\n<meta property=\"article:modified_time\" content=\"2026-05-03T14:17:05+00:00\" \/>\n<meta property=\"og:image\" content=\"https:\/\/afancyvapemachinery.com\/wp-content\/uploads\/2026\/05\/cartridge-filling-and-capping-machine-7934.webp\" \/>\n\t<meta property=\"og:image:width\" content=\"800\" \/>\n\t<meta property=\"og:image:height\" content=\"800\" \/>\n\t<meta property=\"og:image:type\" content=\"image\/webp\" \/>\n<meta name=\"twitter:card\" content=\"summary_large_image\" \/>\n<meta name=\"twitter:label1\" content=\"Est. reading time\" \/>\n\t<meta name=\"twitter:data1\" content=\"3 minutes\" \/>\n<script type=\"application\/ld+json\" class=\"yoast-schema-graph\">{\"@context\":\"https:\/\/schema.org\",\"@graph\":[{\"@type\":\"WebPage\",\"@id\":\"https:\/\/afancyvapemachinery.com\/product\/cfm-03-cartridge-filling-and-capping-machine\/\",\"url\":\"https:\/\/afancyvapemachinery.com\/product\/cfm-03-cartridge-filling-and-capping-machine\/\",\"name\":\"CFM-03 510 Cartridge Filling and Capping Machine\",\"isPartOf\":{\"@id\":\"https:\/\/afancyvapemachinery.com\/fr\/#website\"},\"primaryImageOfPage\":{\"@id\":\"https:\/\/afancyvapemachinery.com\/product\/cfm-03-cartridge-filling-and-capping-machine\/#primaryimage\"},\"image\":{\"@id\":\"https:\/\/afancyvapemachinery.com\/product\/cfm-03-cartridge-filling-and-capping-machine\/#primaryimage\"},\"thumbnailUrl\":\"https:\/\/afancyvapemachinery.com\/wp-content\/uploads\/2026\/05\/cartridge-filling-and-capping-machine-7934.webp\",\"datePublished\":\"2026-05-02T03:16:35+00:00\",\"dateModified\":\"2026-05-03T14:17:05+00:00\",\"description\":\"Built for consistent cartridge production, the CFM-03 combines filling&capping in one system. Suitable for 510 cartridges.\",\"breadcrumb\":{\"@id\":\"https:\/\/afancyvapemachinery.com\/product\/cfm-03-cartridge-filling-and-capping-machine\/#breadcrumb\"},\"inLanguage\":\"fr-FR\",\"potentialAction\":[{\"@type\":\"ReadAction\",\"target\":[\"https:\/\/afancyvapemachinery.com\/product\/cfm-03-cartridge-filling-and-capping-machine\/\"]}]},{\"@type\":\"ImageObject\",\"inLanguage\":\"fr-FR\",\"@id\":\"https:\/\/afancyvapemachinery.com\/product\/cfm-03-cartridge-filling-and-capping-machine\/#primaryimage\",\"url\":\"https:\/\/afancyvapemachinery.com\/wp-content\/uploads\/2026\/05\/cartridge-filling-and-capping-machine-7934.webp\",\"contentUrl\":\"https:\/\/afancyvapemachinery.com\/wp-content\/uploads\/2026\/05\/cartridge-filling-and-capping-machine-7934.webp\",\"width\":800,\"height\":800,\"caption\":\"Integrated filling and capping system for efficient cartridge production\"},{\"@type\":\"BreadcrumbList\",\"@id\":\"https:\/\/afancyvapemachinery.com\/product\/cfm-03-cartridge-filling-and-capping-machine\/#breadcrumb\",\"itemListElement\":[{\"@type\":\"ListItem\",\"position\":1,\"name\":\"Home\",\"item\":\"https:\/\/afancyvapemachinery.com\/\"},{\"@type\":\"ListItem\",\"position\":2,\"name\":\"products\",\"item\":\"https:\/\/afancyvapemachinery.com\/automatic-vape-cartridge-filling-machine\/\"},{\"@type\":\"ListItem\",\"position\":3,\"name\":\"CFM-03 Cartridge Filling and Capping Machine\"}]},{\"@type\":\"WebSite\",\"@id\":\"https:\/\/afancyvapemachinery.com\/fr\/#website\",\"url\":\"https:\/\/afancyvapemachinery.com\/fr\/\",\"name\":\"AFANCY\",\"description\":\"\",\"potentialAction\":[{\"@type\":\"SearchAction\",\"target\":{\"@type\":\"EntryPoint\",\"urlTemplate\":\"https:\/\/afancyvapemachinery.com\/fr\/?s={search_term_string}\"},\"query-input\":{\"@type\":\"PropertyValueSpecification\",\"valueRequired\":true,\"valueName\":\"search_term_string\"}}],\"inLanguage\":\"fr-FR\"}]}<\/script>\n<!-- \/ Yoast SEO plugin. -->","yoast_head_json":{"title":"Machine de remplissage et de bouchage de cartouches CFM-03 510","description":"Con\u00e7ue pour une production constante de cartouches, la CFM-03 combine remplissage et bouchage en un seul syst\u00e8me. Compatible avec les cartouches 510.","robots":{"index":"index","follow":"follow","max-snippet":"max-snippet:-1","max-image-preview":"max-image-preview:large","max-video-preview":"max-video-preview:-1"},"canonical":"https:\/\/afancyvapemachinery.com\/fr\/product\/cfm-03-cartridge-filling-and-capping-machine\/","og_locale":"fr_FR","og_type":"article","og_title":"CFM-03 510 Cartridge Filling and Capping Machine","og_description":"Built for consistent cartridge production, the CFM-03 combines filling&capping in one system. Suitable for 510 cartridges.","og_url":"https:\/\/afancyvapemachinery.com\/fr\/product\/cfm-03-cartridge-filling-and-capping-machine\/","og_site_name":"AFANCY","article_modified_time":"2026-05-03T14:17:05+00:00","og_image":[{"width":800,"height":800,"url":"https:\/\/afancyvapemachinery.com\/wp-content\/uploads\/2026\/05\/cartridge-filling-and-capping-machine-7934.webp","type":"image\/webp"}],"twitter_card":"summary_large_image","twitter_misc":{"Est. reading time":"3 minutes"},"schema":{"@context":"https:\/\/schema.org","@graph":[{"@type":"WebPage","@id":"https:\/\/afancyvapemachinery.com\/product\/cfm-03-cartridge-filling-and-capping-machine\/","url":"https:\/\/afancyvapemachinery.com\/product\/cfm-03-cartridge-filling-and-capping-machine\/","name":"Machine de remplissage et de bouchage de cartouches CFM-03 510","isPartOf":{"@id":"https:\/\/afancyvapemachinery.com\/fr\/#website"},"primaryImageOfPage":{"@id":"https:\/\/afancyvapemachinery.com\/product\/cfm-03-cartridge-filling-and-capping-machine\/#primaryimage"},"image":{"@id":"https:\/\/afancyvapemachinery.com\/product\/cfm-03-cartridge-filling-and-capping-machine\/#primaryimage"},"thumbnailUrl":"https:\/\/afancyvapemachinery.com\/wp-content\/uploads\/2026\/05\/cartridge-filling-and-capping-machine-7934.webp","datePublished":"2026-05-02T03:16:35+00:00","dateModified":"2026-05-03T14:17:05+00:00","description":"Con\u00e7ue pour une production constante de cartouches, la CFM-03 combine remplissage et bouchage en un seul syst\u00e8me. Compatible avec les cartouches 510.","breadcrumb":{"@id":"https:\/\/afancyvapemachinery.com\/product\/cfm-03-cartridge-filling-and-capping-machine\/#breadcrumb"},"inLanguage":"fr-FR","potentialAction":[{"@type":"ReadAction","target":["https:\/\/afancyvapemachinery.com\/product\/cfm-03-cartridge-filling-and-capping-machine\/"]}]},{"@type":"ImageObject","inLanguage":"fr-FR","@id":"https:\/\/afancyvapemachinery.com\/product\/cfm-03-cartridge-filling-and-capping-machine\/#primaryimage","url":"https:\/\/afancyvapemachinery.com\/wp-content\/uploads\/2026\/05\/cartridge-filling-and-capping-machine-7934.webp","contentUrl":"https:\/\/afancyvapemachinery.com\/wp-content\/uploads\/2026\/05\/cartridge-filling-and-capping-machine-7934.webp","width":800,"height":800,"caption":"Integrated filling and capping system for efficient cartridge production"},{"@type":"BreadcrumbList","@id":"https:\/\/afancyvapemachinery.com\/product\/cfm-03-cartridge-filling-and-capping-machine\/#breadcrumb","itemListElement":[{"@type":"ListItem","position":1,"name":"Home","item":"https:\/\/afancyvapemachinery.com\/"},{"@type":"ListItem","position":2,"name":"products","item":"https:\/\/afancyvapemachinery.com\/automatic-vape-cartridge-filling-machine\/"},{"@type":"ListItem","position":3,"name":"CFM-03 Cartridge Filling and Capping Machine"}]},{"@type":"WebSite","@id":"https:\/\/afancyvapemachinery.com\/fr\/#website","url":"https:\/\/afancyvapemachinery.com\/fr\/","name":"COOL","description":"","potentialAction":[{"@type":"SearchAction","target":{"@type":"EntryPoint","urlTemplate":"https:\/\/afancyvapemachinery.com\/fr\/?s={search_term_string}"},"query-input":{"@type":"PropertyValueSpecification","valueRequired":true,"valueName":"search_term_string"}}],"inLanguage":"fr-FR"}]}},"_links":{"self":[{"href":"https:\/\/afancyvapemachinery.com\/fr\/wp-json\/wp\/v2\/product\/4444","targetHints":{"allow":["GET"]}}],"collection":[{"href":"https:\/\/afancyvapemachinery.com\/fr\/wp-json\/wp\/v2\/product"}],"about":[{"href":"https:\/\/afancyvapemachinery.com\/fr\/wp-json\/wp\/v2\/types\/product"}],"replies":[{"embeddable":true,"href":"https:\/\/afancyvapemachinery.com\/fr\/wp-json\/wp\/v2\/comments?post=4444"}],"wp:featuredmedia":[{"embeddable":true,"href":"https:\/\/afancyvapemachinery.com\/fr\/wp-json\/wp\/v2\/media\/4448"}],"wp:attachment":[{"href":"https:\/\/afancyvapemachinery.com\/fr\/wp-json\/wp\/v2\/media?parent=4444"}],"wp:term":[{"taxonomy":"product_cat","embeddable":true,"href":"https:\/\/afancyvapemachinery.com\/fr\/wp-json\/wp\/v2\/product_cat?post=4444"},{"taxonomy":"product_tag","embeddable":true,"href":"https:\/\/afancyvapemachinery.com\/fr\/wp-json\/wp\/v2\/product_tag?post=4444"}],"curies":[{"name":"wp","href":"https:\/\/api.w.org\/{rel}","templated":true}]}}